{"id":1044,"date":"2025-07-17T09:01:40","date_gmt":"2025-07-17T09:01:40","guid":{"rendered":"https:\/\/pomme-pidou.com\/?page_id=1044"},"modified":"2026-03-08T20:52:40","modified_gmt":"2026-03-08T20:52:40","slug":"chicken-road-2-my-gamers-opinion-e4567-em-2-meses","status":"publish","type":"page","link":"https:\/\/pomme-pidou.com\/pt\/","title":{"rendered":""},"content":{"rendered":"<div class=\"wp-block-group alignfull has-palette-color-2-background-color has-background is-layout-constrained wp-container-core-group-is-layout-30479cf7 wp-block-group-is-layout-constrained\" style=\"padding-top:1em;padding-right:1em;padding-bottom:0em;padding-left:1em\">\n<div class=\"wp-block-cover alignfull wp-container-content-9cfa9a5a\" style=\"margin-top:0;margin-bottom:0;padding-top:0;padding-right:var(--wp--preset--spacing--40);padding-bottom:0;padding-left:var(--wp--preset--spacing--40);min-height:305px;aspect-ratio:unset;\"><img loading=\"lazy\" decoding=\"async\" width=\"800\" height=\"344\" class=\"wp-block-cover__image-background wp-image-1597 size-full\" alt=\"\" src=\"https:\/\/pomme-pidou.com\/wp-content\/uploads\/2026\/02\/Tower-Rush-Game.webp\" style=\"object-position:50% 100%\" data-object-fit=\"cover\" data-object-position=\"50% 100%\" srcset=\"https:\/\/pomme-pidou.com\/wp-content\/uploads\/2026\/02\/Tower-Rush-Game.webp 800w, https:\/\/pomme-pidou.com\/wp-content\/uploads\/2026\/02\/Tower-Rush-Game-300x129.webp 300w, https:\/\/pomme-pidou.com\/wp-content\/uploads\/2026\/02\/Tower-Rush-Game-768x330.webp 768w, https:\/\/pomme-pidou.com\/wp-content\/uploads\/2026\/02\/Tower-Rush-Game-18x8.webp 18w\" sizes=\"auto, (max-width: 800px) 100vw, 800px\" \/><span aria-hidden=\"true\" class=\"wp-block-cover__background has-palette-color-4-background-color has-background-dim-70 has-background-dim\"><\/span><div class=\"wp-block-cover__inner-container is-layout-flow wp-block-cover-is-layout-flow\">\n<h1 class=\"wp-block-heading has-text-align-center has-palette-color-8-color has-text-color has-link-color wp-elements-ba9eb9b31b3db699566d17dc645b6440\" style=\"margin-top:0;margin-right:0;margin-bottom:var(--wp--preset--spacing--50);margin-left:0;font-size:clamp(18.959px, 1.185rem + ((1vw - 3.2px) * 0.863), 30px);\"><strong><strong><strong><strong><strong>Avalia\u00e7\u00f5es de jogadores de Tower Rush \u2013 O jogo revolucion\u00e1rio<\/strong><\/strong><\/strong><\/strong><\/strong><\/h1>\n\n\n\n<div class=\"wp-block-buttons is-content-justification-center is-layout-flex wp-container-core-buttons-is-layout-a89b3969 wp-block-buttons-is-layout-flex\">\n<div class=\"wp-block-button is-style-fill\"><a class=\"wp-block-button__link has-black-color has-luminous-vivid-amber-background-color has-text-color has-background has-link-color has-medium-font-size has-custom-font-size wp-element-button\" href=\"https:\/\/pomme-pidou.com\/go\/play\/\" style=\"border-width:18px;border-top-left-radius:50px;border-top-right-radius:50px;border-bottom-left-radius:50px;border-bottom-right-radius:50px;padding-top:0;padding-right:var(--wp--preset--spacing--50);padding-bottom:0;padding-left:var(--wp--preset--spacing--50);font-style:normal;font-weight:700\">Aproveite<br>B\u00d4NUS Exclusivo<\/a><\/div>\n<\/div>\n<\/div><\/div>\n<\/div>\n\n\n\n<p class=\"has-text-align-center\">Descubra por que <strong>cassino Tower Rush<\/strong> est\u00e1 fazendo ondas! Este <strong>revis\u00e3o do Tower Rush<\/strong> revela todos os segredos por tr\u00e1s do jogo mais viciante <strong>Tower Rush<\/strong> de 2025. Prepare-se para emo\u00e7\u00f5es de tirar o f\u00f4lego com multiplicadores que podem <strong>disparar seus ganhos<\/strong>!<\/p>\n\n\n\n<h2 class=\"wp-block-heading has-text-align-center has-large-font-size\"><strong><strong><strong>vis\u00e3o geral do Tower Rush \u2014 Um conceito de jogo \u00fanico<\/strong><\/strong><\/strong><\/h2>\n\n\n\n<p><strong>Tower Rush<\/strong> por <strong>Galaxsys<\/strong> est\u00e1 agitando o mundo do <strong>cassino online Tower Rush<\/strong> jogue com um conceito genuinamente brilhante. Imagine construir uma torre gigante andar por andar, onde cada coloca\u00e7\u00e3o bem-sucedida aumenta seu multiplicador de forma explosiva. Isso n\u00e3o \u00e9 apenas mais um <strong>Tower Rush<\/strong> \u2014 \u00e9 pura adrenalina onde cada segundo conta.<\/p>\n\n\n\n<p>Ao contr\u00e1rio dos jogos cl\u00e1ssicos de crash onde voc\u00ea permanece passivo, <strong>Tower Rush<\/strong> coloca voc\u00ea no controle de um guindaste balan\u00e7ante em uma charmosa cidadezinha. Sua miss\u00e3o? Empilhar andares sem que seu imp\u00e9rio desmorone. A tens\u00e3o \u00e9 surreal \u2014 um deslize e tudo desmorona!<\/p>\n\n\n\n<figure class=\"wp-block-table\"><table><tbody><tr><td><strong>RECURSO<\/strong><\/td><td><strong>DETALHE EXPLOSIVO<\/strong><\/td><\/tr><tr><td>Desenvolvedor<\/td><td>Galaxsys (Revolucion\u00e1rio!)<\/td><\/tr><tr><td>Tipo de jogo<\/td><td>Jogo de Crash\/Turbo Revolucion\u00e1rio<\/td><\/tr><tr><td>Ganhos potenciais<\/td><td>ILIMITADO! At\u00e9 <strong>\u00a310,000<\/strong><\/td><\/tr><\/tbody><\/table><\/figure>\n\n\n\n<div class=\"wp-block-buttons is-content-justification-center is-layout-flex wp-container-core-buttons-is-layout-a89b3969 wp-block-buttons-is-layout-flex\">\n<div class=\"wp-block-button is-style-fill\"><a class=\"wp-block-button__link has-black-color has-luminous-vivid-amber-background-color has-text-color has-background has-link-color has-medium-font-size has-custom-font-size wp-element-button\" href=\"https:\/\/pomme-pidou.com\/go\/play\/\" style=\"border-width:18px;border-top-left-radius:50px;border-top-right-radius:50px;border-bottom-left-radius:50px;border-bottom-right-radius:50px;padding-top:var(--wp--preset--spacing--30);padding-right:var(--wp--preset--spacing--50);padding-bottom:var(--wp--preset--spacing--30);padding-left:var(--wp--preset--spacing--50)\"><strong>Jogue Tower Rush<\/strong><\/a><\/div>\n<\/div>\n\n\n\n<h2 class=\"wp-block-heading has-text-align-center has-large-font-size\"><strong><strong><strong>Mec\u00e2nicas de jogo de Tower Rush \u2014 Como jogar e ganhar<\/strong><\/strong><\/strong><\/h2>\n\n\n\n<p>Prepare-se para a experi\u00eancia mais emocionante da sua vida de jogador! <strong>Tower Rush<\/strong> transforma a constru\u00e7\u00e3o de torres em uma m\u00e1quina de adrenalina total. Cada andar que voc\u00ea coloca com sucesso <strong>multiplica<\/strong> seus ganhos cumulativamente \u2014 \u00e9 pura m\u00e1gica matem\u00e1tica.<\/p>\n\n\n\n<figure class=\"wp-block-image aligncenter size-full is-resized has-custom-border\"><a href=\"https:\/\/launchdigi.net\/GamesLaunch\/Launch?deviceType=1&amp;displayType=1&amp;gameid=39386&amp;lang=EN&amp;mainDomain=https%3A%2F%2Fbetify.com%2Fen%2F&amp;operatorid=5F00B9D2&amp;playMode=demo\"><img loading=\"lazy\" decoding=\"async\" width=\"800\" height=\"418\" src=\"https:\/\/pomme-pidou.com\/wp-content\/uploads\/2026\/02\/Tower-Rush-explanation.webp\" alt=\"Mec\u00e2nicas de jogo de Tower Rush\" class=\"wp-image-1596\" style=\"border-radius:15px;width:800px\" srcset=\"https:\/\/pomme-pidou.com\/wp-content\/uploads\/2026\/02\/Tower-Rush-explanation.webp 800w, https:\/\/pomme-pidou.com\/wp-content\/uploads\/2026\/02\/Tower-Rush-explanation-300x157.webp 300w, https:\/\/pomme-pidou.com\/wp-content\/uploads\/2026\/02\/Tower-Rush-explanation-768x401.webp 768w, https:\/\/pomme-pidou.com\/wp-content\/uploads\/2026\/02\/Tower-Rush-explanation-18x9.webp 18w\" sizes=\"auto, (max-width: 800px) 100vw, 800px\" \/><\/a><\/figure>\n\n\n\n<p>O princ\u00edpio \u00e9 diab\u00f3licamente simples, mas insuportavelmente viciante: voc\u00ea controla uma grua balan\u00e7ando acima da sua torre. Tempo perfeito = multiplicador explosivo. Mau tempo = colapso total. Seu cora\u00e7\u00e3o vai disparar a cada queda.<\/p>\n\n\n\n<ul class=\"wp-block-list\">\n<li><strong>PASSO 1:<\/strong> Coloque sua aposta (<strong>\u20ac0,10 a \u20ac100<\/strong>) \u2014 cada centavo pode levar a grandes vit\u00f3rias!<\/li>\n\n\n\n<li>&nbsp;<strong>PASSO 2:<\/strong> Clique <strong>\u201cCONSTRUIR\u201d<\/strong> no momento perfeito \u2014 a grua balan\u00e7a e voc\u00ea deve cronometrar corretamente!<\/li>\n\n\n\n<li>&nbsp;<strong>PASSO 3:<\/strong> Veja seu multiplicador <strong>explodir<\/strong> \u2014 cada andar aumenta seu pagamento!<\/li>\n\n\n\n<li>&nbsp;<strong>PASSO 4:<\/strong> Decida: <strong>Retire<\/strong> ou continue construindo para multiplicadores nas alturas!<\/li>\n\n\n\n<li>&nbsp;<strong>PASSO 5:<\/strong> Um erro = colapso total \u2014 mas que adrenalina!<\/li>\n<\/ul>\n\n\n\n<div class=\"wp-block-buttons is-content-justification-center is-layout-flex wp-container-core-buttons-is-layout-a89b3969 wp-block-buttons-is-layout-flex\">\n<div class=\"wp-block-button is-style-fill\"><a class=\"wp-block-button__link has-black-color has-luminous-vivid-amber-background-color has-text-color has-background has-link-color has-medium-font-size has-custom-font-size wp-element-button\" href=\"https:\/\/pomme-pidou.com\/go\/play\/\" style=\"border-width:18px;border-top-left-radius:50px;border-top-right-radius:50px;border-bottom-left-radius:50px;border-bottom-right-radius:50px;padding-top:var(--wp--preset--spacing--30);padding-right:var(--wp--preset--spacing--50);padding-bottom:var(--wp--preset--spacing--30);padding-left:var(--wp--preset--spacing--50)\"><strong>Use o b\u00f4nus exclusivo<\/strong><\/a><\/div>\n<\/div>\n\n\n\n<h2 class=\"wp-block-heading has-text-align-center has-large-font-size\"><strong><strong>Avalia\u00e7\u00f5es e experi\u00eancias de jogadores de Tower Rush \u2014 Depoimentos reais<\/strong><\/strong><\/h2>\n\n\n\n<p><strong>Avalia\u00e7\u00f5es de jogadores de Tower Rush<\/strong> s\u00e3o un\u00e2nimes: \u00e9 um dos jogos mais viciantes que os jogadores j\u00e1 viram. Depoimentos est\u00e3o chegando de todos os lugares, contando hist\u00f3rias de vit\u00f3rias espetaculares e emo\u00e7\u00f5es intensas. Aqui est\u00e1 o motivo pelo qual as pessoas n\u00e3o conseguem parar de jogar <strong>Tower Rush<\/strong>.<\/p>\n\n\n\n<div class=\"wp-block-cover alignfull\" style=\"min-height:308px;aspect-ratio:unset;\"><span aria-hidden=\"true\" class=\"wp-block-cover__background has-palette-color-4-background-color has-background-dim-100 has-background-dim\"><\/span><div class=\"wp-block-cover__inner-container is-layout-constrained wp-block-cover-is-layout-constrained\">\n<div class=\"wp-block-columns is-layout-flex wp-container-core-columns-is-layout-28f84493 wp-block-columns-is-layout-flex\">\n<div class=\"wp-block-column is-layout-flow wp-block-column-is-layout-flow\">\n<figure class=\"wp-block-pullquote has-border-color has-palette-color-2-border-color has-palette-color-2-color has-palette-color-8-background-color has-text-color has-background has-link-color has-medium-font-size wp-elements-b4f32a9698219fce5a634d7fb0580071\" style=\"border-width:5px;border-radius:15px;padding-top:var(--wp--preset--spacing--30);padding-right:var(--wp--preset--spacing--30);padding-bottom:var(--wp--preset--spacing--30);padding-left:var(--wp--preset--spacing--30)\"><blockquote><p>\u201cNunca vi um <strong>cassino Tower Rush<\/strong> jogo t\u00e3o viciante! Cada rodada \u00e9 pura adrenalina!\u201d<\/p><cite><strong>In\u00eas C. (Lisboa)<\/strong><\/cite><\/blockquote><\/figure>\n<\/div>\n\n\n\n<div class=\"wp-block-column is-layout-flow wp-block-column-is-layout-flow\">\n<figure class=\"wp-block-pullquote has-palette-color-2-color has-white-background-color has-text-color has-background has-link-color has-medium-font-size wp-elements-e56f45ef2eb32887be99318d58bfdb59\" style=\"border-width:5px;border-radius:15px;padding-top:var(--wp--preset--spacing--30);padding-right:var(--wp--preset--spacing--30);padding-bottom:var(--wp--preset--spacing--30);padding-left:var(--wp--preset--spacing--30)\"><blockquote><p>\u201cConstruindo a Torre de Babel\u2026 estilo cassino. Brilhante! A <strong>demonstra\u00e7\u00e3o do Tower Rush<\/strong> me convenceu instantaneamente!\u201d<\/p><cite><strong>Jo\u00e3o P. (Porto)<\/strong><\/cite><\/blockquote><\/figure>\n<\/div>\n\n\n\n<div class=\"wp-block-column is-layout-flow wp-block-column-is-layout-flow\">\n<figure class=\"wp-block-pullquote has-border-color has-palette-color-1-border-color has-palette-color-2-color has-white-background-color has-text-color has-background has-link-color has-medium-font-size wp-elements-c4d272f95f123b53bc9d229576136df6\" style=\"border-width:5px;border-radius:15px;padding-top:var(--wp--preset--spacing--30);padding-right:var(--wp--preset--spacing--30);padding-bottom:var(--wp--preset--spacing--30);padding-left:var(--wp--preset--spacing--30)\"><blockquote><p>\u201c<strong>Tower Rush dinheiro real<\/strong> = vibra\u00e7\u00f5es de jackpot! Multiplicadores loucos! Estou fora das slots cl\u00e1ssicas!\u201d<\/p><cite><strong>Sofia R. (\u00c9vora)<\/strong><\/cite><\/blockquote><\/figure>\n<\/div>\n<\/div>\n<\/div><\/div>\n\n\n\n<p>Essas <strong>Tower Rush<\/strong> avalia\u00e7\u00f5es mostram o enorme hype em torno deste conceito revolucion\u00e1rio. Jogadores relatam sess\u00f5es \u00e9picas onde a emo\u00e7\u00e3o nunca diminui. <strong>Galaxsys Tower Rush<\/strong> criou algo verdadeiramente diferente \u2014 al\u00e9m do simples entretenimento.<\/p>\n\n\n\n<div class=\"wp-block-buttons is-content-justification-center is-layout-flex wp-container-core-buttons-is-layout-a89b3969 wp-block-buttons-is-layout-flex\">\n<div class=\"wp-block-button is-style-fill\"><a class=\"wp-block-button__link has-black-color has-luminous-vivid-amber-background-color has-text-color has-background has-link-color has-medium-font-size has-custom-font-size wp-element-button\" href=\"https:\/\/pomme-pidou.com\/go\/play\/\" style=\"border-width:18px;border-top-left-radius:50px;border-top-right-radius:50px;border-bottom-left-radius:50px;border-bottom-right-radius:50px;padding-top:var(--wp--preset--spacing--30);padding-right:var(--wp--preset--spacing--50);padding-bottom:var(--wp--preset--spacing--30);padding-left:var(--wp--preset--spacing--50)\"><strong>Jogue Tower Rush<\/strong><\/a><\/div>\n<\/div>\n\n\n\n<h2 class=\"wp-block-heading has-text-align-center has-large-font-size\"><strong><strong>Recursos e b\u00f4nus do Tower Rush \u2014 Piso Congelado, Piso do Templo e Constru\u00e7\u00e3o Tripla<\/strong><\/strong><\/h2>\n\n\n\n<p>Segure-se firme: <strong>Tower Rush<\/strong> esconde pisos de b\u00f4nus revolucion\u00e1rios que podem <em>potencializar<\/em> a experi\u00eancia. Esses tr\u00eas pisos de b\u00f4nus aparecem aleatoriamente e transformam cada sess\u00e3o em uma aventura \u00e9pica \u2014 com mec\u00e2nicas que voc\u00ea n\u00e3o v\u00ea em outros lugares.<\/p>\n\n\n\n<figure class=\"wp-block-image aligncenter size-full has-custom-border\"><a href=\"https:\/\/launchdigi.net\/GamesLaunch\/Launch?deviceType=1&amp;displayType=1&amp;gameid=39386&amp;lang=EN&amp;mainDomain=https%3A%2F%2Fbetify.com%2Fen%2F&amp;operatorid=5F00B9D2&amp;playMode=demo\"><img loading=\"lazy\" decoding=\"async\" width=\"800\" height=\"344\" src=\"https:\/\/pomme-pidou.com\/wp-content\/uploads\/2026\/02\/Tower-Rush-Game.webp\" alt=\"B\u00f4nus de Tower Rush\" class=\"wp-image-1597\" style=\"border-radius:15px\" srcset=\"https:\/\/pomme-pidou.com\/wp-content\/uploads\/2026\/02\/Tower-Rush-Game.webp 800w, https:\/\/pomme-pidou.com\/wp-content\/uploads\/2026\/02\/Tower-Rush-Game-300x129.webp 300w, https:\/\/pomme-pidou.com\/wp-content\/uploads\/2026\/02\/Tower-Rush-Game-768x330.webp 768w, https:\/\/pomme-pidou.com\/wp-content\/uploads\/2026\/02\/Tower-Rush-Game-18x8.webp 18w\" sizes=\"auto, (max-width: 800px) 100vw, 800px\" \/><\/a><\/figure>\n\n\n\n<p><strong>PISO CONGELADO (Piso Gelado)<\/strong> \u2014 o b\u00f4nus santo graal! Ele \u201ccongela\u201d seus ganhos. Mesmo que sua torre desmorone depois, voc\u00ea mant\u00e9m os ganhos congelados. \u00c9 como um seguro de vida para seus multiplicadores.<\/p>\n\n\n\n<p><strong>PISO DO TEMPLO (Piso do Templo)<\/strong> \u2014 um momento de roda da fortuna embutido! 10 segmentos com multiplicadores selvagens: <strong>x1.5, x2, x3, x5, x7<\/strong>, e at\u00e9 um B\u00f4nus de Congelamento. Pode ser acionado v\u00e1rias vezes.<\/p>\n\n\n\n<p class=\"has-text-align-center\"><strong>CONSTRU\u00c7\u00c3O TRIPLA (Constru\u00e7\u00e3o Tripla)<\/strong> \u2014 3 pisos de uma vez, garantido acima de <strong>x1<\/strong>. Voc\u00ea n\u00e3o pode desmoronar durante esses 3 pisos. \u00c9 constru\u00e7\u00e3o turbo com risco reduzido. Esses b\u00f4nus transformam completamente o <strong>Demonstra\u00e7\u00e3o do jogo Tower Rush<\/strong> experi\u00eancia. Imagine aterrissar em um Piso Congelado em <strong>x15<\/strong> \u2014 seus ganhos est\u00e3o garantidos. Ou acertar um Piso do Templo que te lan\u00e7a direto para <strong>x50<\/strong>. Pura m\u00e1gica dos jogos.<\/p>\n\n\n\n<div class=\"wp-block-buttons is-content-justification-center is-layout-flex wp-container-core-buttons-is-layout-a89b3969 wp-block-buttons-is-layout-flex\">\n<div class=\"wp-block-button is-style-fill\"><a class=\"wp-block-button__link has-black-color has-luminous-vivid-amber-background-color has-text-color has-background has-link-color has-medium-font-size has-custom-font-size wp-element-button\" href=\"https:\/\/pomme-pidou.com\/go\/play\/\" style=\"border-width:18px;border-top-left-radius:50px;border-top-right-radius:50px;border-bottom-left-radius:50px;border-bottom-right-radius:50px;padding-top:var(--wp--preset--spacing--30);padding-right:var(--wp--preset--spacing--50);padding-bottom:var(--wp--preset--spacing--30);padding-left:var(--wp--preset--spacing--50)\">Descubra Tower Rush<\/a><\/div>\n<\/div>\n\n\n\n<h2 class=\"wp-block-heading has-text-align-center has-large-font-size\"><strong><strong>Gr\u00e1ficos, anima\u00e7\u00f5es e interface do Tower Rush \u2013 Uma Experi\u00eancia Visual Cativante<\/strong><\/strong><\/h2>\n\n\n\n<div class=\"wp-block-columns is-layout-flex wp-container-core-columns-is-layout-28f84493 wp-block-columns-is-layout-flex\">\n<div class=\"wp-block-column is-vertically-aligned-center is-layout-flow wp-block-column-is-layout-flow\" style=\"flex-basis:66.66%\">\n<p>Prepare seus olhos para um show visual deslumbrante. <strong>Tower Rush<\/strong> n\u00e3o \u00e9 apenas revolucion\u00e1rio em jogabilidade \u2014 tamb\u00e9m \u00e9 um mundo estiloso e de desenho animado projetado para maximizar a divers\u00e3o.<\/p>\n\n\n\n<p>O cen\u00e1rio? Uma encantadora cidadezinha com uma loja de esp\u00edritos como base \u2014 ador\u00e1vel e imersiva. As anima\u00e7\u00f5es s\u00e3o maravilhosamente suaves: a grua balan\u00e7a de uma maneira hipn\u00f3tica, os pisos aterrissam com efeitos impactantes, e os multiplicadores aparecem com destaques deslumbrantes.<\/p>\n\n\n\n<figure class=\"wp-block-table\"><table class=\"has-fixed-layout\"><tbody><tr><td><strong>ELEMENTO VISUAL<\/strong><\/td><td><strong>IMPACTO SENSACIONAL<\/strong><\/td><\/tr><tr><td>Anima\u00e7\u00f5es 2D<\/td><td>Perfeita suavidade \u2014 cada movimento te envolve<\/td><\/tr><tr><td>Interface m\u00f3vel<\/td><td>Otimiza\u00e7\u00e3o total \u2014 jogue com uma m\u00e3o<\/td><\/tr><tr><td>Efeitos de luz<\/td><td>Multiplicadores que brilham como diamantes<\/td><\/tr><\/tbody><\/table><\/figure>\n<\/div>\n\n\n\n<div class=\"wp-block-column is-layout-flow wp-block-column-is-layout-flow\" style=\"flex-basis:33.33%\">\n<figure class=\"wp-block-image size-full\"><a href=\"https:\/\/launchdigi.net\/GamesLaunch\/Launch?deviceType=1&amp;displayType=1&amp;gameid=39386&amp;lang=EN&amp;mainDomain=https%3A%2F%2Fbetify.com%2Fen%2F&amp;operatorid=5F00B9D2&amp;playMode=demo\"><img loading=\"lazy\" decoding=\"async\" width=\"400\" height=\"759\" src=\"https:\/\/pomme-pidou.com\/wp-content\/uploads\/2026\/02\/Tower-Rush-mobile.webp\" alt=\"Tower Rush m\u00f3vel\" class=\"wp-image-1601\" srcset=\"https:\/\/pomme-pidou.com\/wp-content\/uploads\/2026\/02\/Tower-Rush-mobile.webp 400w, https:\/\/pomme-pidou.com\/wp-content\/uploads\/2026\/02\/Tower-Rush-mobile-158x300.webp 158w, https:\/\/pomme-pidou.com\/wp-content\/uploads\/2026\/02\/Tower-Rush-mobile-6x12.webp 6w\" sizes=\"auto, (max-width: 400px) 100vw, 400px\" \/><\/a><\/figure>\n<\/div>\n<\/div>\n\n\n\n<div class=\"wp-block-buttons is-content-justification-center is-layout-flex wp-container-core-buttons-is-layout-a89b3969 wp-block-buttons-is-layout-flex\">\n<div class=\"wp-block-button is-style-fill\"><a class=\"wp-block-button__link has-black-color has-luminous-vivid-amber-background-color has-text-color has-background has-link-color has-medium-font-size has-custom-font-size wp-element-button\" href=\"https:\/\/pomme-pidou.com\/go\/play\/\" style=\"border-width:18px;border-top-left-radius:50px;border-top-right-radius:50px;border-bottom-left-radius:50px;border-bottom-right-radius:50px;padding-top:var(--wp--preset--spacing--30);padding-right:var(--wp--preset--spacing--50);padding-bottom:var(--wp--preset--spacing--30);padding-left:var(--wp--preset--spacing--50)\">Jogue Tower Rush<\/a><\/div>\n<\/div>\n\n\n\n<h2 class=\"wp-block-heading has-text-align-center has-large-font-size\"><strong><strong><strong>RTP, volatilidade e estat\u00edsticas do Tower Rush \u2014 An\u00e1lise de ganhos<\/strong><\/strong><\/strong><\/h2>\n\n\n\n<p>Aqui est\u00e3o os n\u00fameros que podem te fazer pular da cadeira: <strong>Tower Rush<\/strong> mostra um RTP entre <strong>96.12% e 97%<\/strong> dependendo das fontes \u2014 excelente para um jogo t\u00e3o intenso. Mas note: algumas <strong>cassino Tower Rush<\/strong> listagens afirmam at\u00e9 <strong>98.50%<\/strong>. Sempre verifique antes de jogar.<\/p>\n\n\n\n<p>A volatilidade varia de m\u00e9dia a alta dependendo do seu estilo. Quanto mais alto voc\u00ea construir, mais astron\u00f4micos os pagamentos podem se tornar. O teto te\u00f3rico \u00e9 \u201cilimitado\u201d, mas na pr\u00e1tica os ganhos m\u00e1ximos alcan\u00e7am <strong>\u00a310,000<\/strong> em uma <strong>\u00a3100<\/strong> aposta \u2014 um enorme <strong>x100<\/strong> multiplicador.<\/p>\n\n\n\n<h3 class=\"wp-block-heading has-medium-font-size\"><strong>Vantagens e legitimidade \u2014 Por que Tower Rush se destaca<\/strong><\/h3>\n\n\n\n<p><strong>Tower Rush<\/strong> n\u00e3o \u00e9 como outros jogos \u2014 \u00e9 uma revolu\u00e7\u00e3o de jogos certificada. Desenvolvido por <strong>Galaxsys<\/strong> sob <strong>Autoridade de Jogos de Malta<\/strong> licenciamento, este <strong>cassino online Tower Rush<\/strong> t\u00edtulo tamb\u00e9m oferece transpar\u00eancia na justi\u00e7a com <strong>Provavelmente Justo<\/strong> mec\u00e2nicas. Voc\u00ea pode verificar cada resultado por conta pr\u00f3pria.<\/p>\n\n\n\n<ul class=\"wp-block-list\">\n<li>Um conceito verdadeiramente \u00fanico \u2014 constru\u00e7\u00e3o interativa vs sistema de colapso passivo<\/li>\n\n\n\n<li><strong>Provavelmente Justo<\/strong> \u2014 verifique cada rodada<\/li>\n\n\n\n<li>Multiplicadores teoricamente ilimitados \u2014 o c\u00e9u \u00e9 o limite<\/li>\n\n\n\n<li>3 b\u00f4nus revolucion\u00e1rios que mudam tudo<\/li>\n\n\n\n<li>Funciona em todos os lugares \u2014 desktop, m\u00f3vel, tablet<\/li>\n<\/ul>\n\n\n\n<h3 class=\"wp-block-heading has-medium-font-size\"><strong>Estrat\u00e9gias e dicas do Tower Rush \u2014 Maximize suas chances<\/strong><\/h3>\n\n\n\n<p>Aqui est\u00e3o os segredos que os profissionais n\u00e3o querem que voc\u00ea saiba. Essas <strong>Tower Rush<\/strong> estrat\u00e9gias podem transformar suas sess\u00f5es e aumentar seus resultados \u2014 \u00e9 hora de se tornar um especialista em constru\u00e7\u00e3o de torres.<\/p>\n\n\n\n<p><strong>Estrat\u00e9gia conservadora:<\/strong> retire entre <strong>x1.5 e x2.5<\/strong> consistentemente. Menos espetacular, mas protege seu bankroll e ajuda voc\u00ea a aprender <strong>demonstra\u00e7\u00e3o do Tower Rush<\/strong> mec\u00e2nicas.<\/p>\n\n\n\n<p><strong>Estrat\u00e9gia agressiva:<\/strong> mire em <strong>x10+<\/strong>. Aceite perdas em troca de grandes ganhos. Use apenas uma pequena parte do seu bankroll \u2014 mas quando acerta, \u00e9 fogos de artif\u00edcio.<strong>Estrat\u00e9gia de b\u00f4nus:<\/strong> ap\u00f3s um <strong>Piso Congelado<\/strong>, v\u00e1 ultra-agressivo. Seus ganhos est\u00e3o protegidos, ent\u00e3o pressione mais forte. Ap\u00f3s um favor\u00e1vel <strong>Andar do Templo<\/strong>, retire rapidamente para garantir os multiplicadores de b\u00f4nus.<\/p>\n\n\n\n<div class=\"wp-block-buttons is-content-justification-center is-layout-flex wp-container-core-buttons-is-layout-a89b3969 wp-block-buttons-is-layout-flex\">\n<div class=\"wp-block-button is-style-fill\"><a class=\"wp-block-button__link has-black-color has-luminous-vivid-amber-background-color has-text-color has-background has-link-color has-medium-font-size has-custom-font-size wp-element-button\" href=\"https:\/\/pomme-pidou.com\/go\/play\/\" style=\"border-width:18px;border-top-left-radius:50px;border-top-right-radius:50px;border-bottom-left-radius:50px;border-bottom-right-radius:50px;padding-top:var(--wp--preset--spacing--30);padding-right:var(--wp--preset--spacing--50);padding-bottom:var(--wp--preset--spacing--30);padding-left:var(--wp--preset--spacing--50)\">Experimente Tower Rush Agora<\/a><\/div>\n<\/div>\n\n\n\n<h2 class=\"wp-block-heading has-text-align-center has-large-font-size\">Avalia\u00e7\u00f5es de jogadores de Tower Rush \u2014 VEREDICTO FINAL: Revolucion\u00e1rio<\/h2>\n\n\n\n<p class=\"has-text-align-center\"><strong>Tower Rush vai al\u00e9m de um simples jogo de cassino \u2014 torna-se uma experi\u00eancia de jogo genuinamente nova. Com tr\u00eas b\u00f4nus que mudam o jogo, enormes multiplicadores e um conceito interativo de constru\u00e7\u00e3o de torres, este t\u00edtulo da Galaxsys merece seu hype. Experimente a demonstra\u00e7\u00e3o de Tower Rush, depois mergulhe no jogo de cassino Tower Rush \u2014 voc\u00ea pode nunca mais olhar para os jogos \u201ccl\u00e1ssicos\u201d da mesma forma.<\/strong><\/p>","protected":false},"excerpt":{"rendered":"<p>Descubra por que o cassino Tower Rush est\u00e1 fazendo sucesso! Esta an\u00e1lise do Tower Rush revela todos os segredos por tr\u00e1s do jogo de Tower Rush mais viciante de 2025.<\/p>","protected":false},"author":3,"featured_media":1600,"parent":0,"menu_order":0,"comment_status":"closed","ping_status":"closed","template":"","meta":{"footnotes":""},"class_list":["post-1044","page","type-page","status-publish","has-post-thumbnail","hentry"],"blocksy_meta":[],"_hostinger_reach_plugin_has_subscription_block":false,"_hostinger_reach_plugin_is_elementor":false,"_links":{"self":[{"href":"https:\/\/pomme-pidou.com\/pt\/wp-json\/wp\/v2\/pages\/1044","targetHints":{"allow":["GET"]}}],"collection":[{"href":"https:\/\/pomme-pidou.com\/pt\/wp-json\/wp\/v2\/pages"}],"about":[{"href":"https:\/\/pomme-pidou.com\/pt\/wp-json\/wp\/v2\/types\/page"}],"author":[{"embeddable":true,"href":"https:\/\/pomme-pidou.com\/pt\/wp-json\/wp\/v2\/users\/3"}],"replies":[{"embeddable":true,"href":"https:\/\/pomme-pidou.com\/pt\/wp-json\/wp\/v2\/comments?post=1044"}],"version-history":[{"count":508,"href":"https:\/\/pomme-pidou.com\/pt\/wp-json\/wp\/v2\/pages\/1044\/revisions"}],"predecessor-version":[{"id":1637,"href":"https:\/\/pomme-pidou.com\/pt\/wp-json\/wp\/v2\/pages\/1044\/revisions\/1637"}],"wp:featuredmedia":[{"embeddable":true,"href":"https:\/\/pomme-pidou.com\/pt\/wp-json\/wp\/v2\/media\/1600"}],"wp:attachment":[{"href":"https:\/\/pomme-pidou.com\/pt\/wp-json\/wp\/v2\/media?parent=1044"}],"curies":[{"name":"wp","href":"https:\/\/api.w.org\/{rel}","templated":true}]}}