{"id":1044,"date":"2025-07-17T09:01:40","date_gmt":"2025-07-17T09:01:40","guid":{"rendered":"https:\/\/pomme-pidou.com\/?page_id=1044"},"modified":"2026-03-08T20:52:40","modified_gmt":"2026-03-08T20:52:40","slug":"chicken-road-2-il-mio-parere-da-giocatore-e4-567-in-2-mesi","status":"publish","type":"page","link":"https:\/\/pomme-pidou.com\/it\/","title":{"rendered":""},"content":{"rendered":"<div class=\"wp-block-group alignfull has-palette-color-2-background-color has-background is-layout-constrained wp-container-core-group-is-layout-30479cf7 wp-block-group-is-layout-constrained\" style=\"padding-top:1em;padding-right:1em;padding-bottom:0em;padding-left:1em\">\n<div class=\"wp-block-cover alignfull wp-container-content-9cfa9a5a\" style=\"margin-top:0;margin-bottom:0;padding-top:0;padding-right:var(--wp--preset--spacing--40);padding-bottom:0;padding-left:var(--wp--preset--spacing--40);min-height:305px;aspect-ratio:unset;\"><img loading=\"lazy\" decoding=\"async\" width=\"800\" height=\"344\" class=\"wp-block-cover__image-background wp-image-1597 size-full\" alt=\"\" src=\"https:\/\/pomme-pidou.com\/wp-content\/uploads\/2026\/02\/Tower-Rush-Game.webp\" style=\"object-position:50% 100%\" data-object-fit=\"cover\" data-object-position=\"50% 100%\" srcset=\"https:\/\/pomme-pidou.com\/wp-content\/uploads\/2026\/02\/Tower-Rush-Game.webp 800w, https:\/\/pomme-pidou.com\/wp-content\/uploads\/2026\/02\/Tower-Rush-Game-300x129.webp 300w, https:\/\/pomme-pidou.com\/wp-content\/uploads\/2026\/02\/Tower-Rush-Game-768x330.webp 768w, https:\/\/pomme-pidou.com\/wp-content\/uploads\/2026\/02\/Tower-Rush-Game-18x8.webp 18w\" sizes=\"auto, (max-width: 800px) 100vw, 800px\" \/><span aria-hidden=\"true\" class=\"wp-block-cover__background has-palette-color-4-background-color has-background-dim-70 has-background-dim\"><\/span><div class=\"wp-block-cover__inner-container is-layout-flow wp-block-cover-is-layout-flow\">\n<h1 class=\"wp-block-heading has-text-align-center has-palette-color-8-color has-text-color has-link-color wp-elements-ba9eb9b31b3db699566d17dc645b6440\" style=\"margin-top:0;margin-right:0;margin-bottom:var(--wp--preset--spacing--50);margin-left:0;font-size:clamp(18.959px, 1.185rem + ((1vw - 3.2px) * 0.863), 30px);\"><strong><strong><strong><strong><strong>Recensioni dei giocatori di Tower Rush \u2013 Il gioco rivoluzionario<\/strong><\/strong><\/strong><\/strong><\/strong><\/h1>\n\n\n\n<div class=\"wp-block-buttons is-content-justification-center is-layout-flex wp-container-core-buttons-is-layout-a89b3969 wp-block-buttons-is-layout-flex\">\n<div class=\"wp-block-button is-style-fill\"><a class=\"wp-block-button__link has-black-color has-luminous-vivid-amber-background-color has-text-color has-background has-link-color has-medium-font-size has-custom-font-size wp-element-button\" href=\"https:\/\/pomme-pidou.com\/go\/play\/\" style=\"border-width:18px;border-top-left-radius:50px;border-top-right-radius:50px;border-bottom-left-radius:50px;border-bottom-right-radius:50px;padding-top:0;padding-right:var(--wp--preset--spacing--50);padding-bottom:0;padding-left:var(--wp--preset--spacing--50);font-style:normal;font-weight:700\">Goditi<br>BONUS esclusivo<\/a><\/div>\n<\/div>\n<\/div><\/div>\n<\/div>\n\n\n\n<p class=\"has-text-align-center\">Scopri perch\u00e9 <strong>Tower Rush casin\u00f2<\/strong> sta facendo scalpore! Questo <strong>Tower Rush recensione<\/strong> rivela tutti i segreti dietro il gioco pi\u00f9 avvincente <strong>Tower Rush gioco<\/strong> del 2025. Preparati per emozioni da brivido con moltiplicatori che possono <strong>far schizzare alle stelle le tue vincite<\/strong>!<\/p>\n\n\n\n<h2 class=\"wp-block-heading has-text-align-center has-large-font-size\"><strong><strong><strong>Panoramica di Tower Rush \u2014 Un concetto di gioco unico<\/strong><\/strong><\/strong><\/h2>\n\n\n\n<p><strong>Tower Rush<\/strong> di <strong>Galaxsys<\/strong> sta rivoluzionando il mondo del <strong>Tower Rush casino online<\/strong> gioca con un concetto davvero brillante. Immagina di costruire una torre gigante piano dopo piano, dove ogni posizionamento riuscito aumenta il tuo moltiplicatore in modo esplosivo. Questo non \u00e8 solo un altro <strong>Tower Rush gioco<\/strong> \u2014 \u00e8 pura adrenalina dove ogni secondo conta.<\/p>\n\n\n\n<p>A differenza dei classici giochi di crash dove rimani passivo, <strong>Tower Rush<\/strong> ti mette al comando di una gru oscillante in una deliziosa cittadina. La tua missione? Impilare piani senza far crollare il tuo impero. La suspense \u00e8 irreale \u2014 un passo falso e tutto crolla!<\/p>\n\n\n\n<figure class=\"wp-block-table\"><table><tbody><tr><td><strong>CARATTERISTICA<\/strong><\/td><td><strong>DETTAGLIO ESPLOSIVO<\/strong><\/td><\/tr><tr><td>Sviluppatore<\/td><td>Galaxsys (Rivoluzionario!)<\/td><\/tr><tr><td>Tipo di gioco<\/td><td>Gioco Crash\/Turbo Rivoluzionario<\/td><\/tr><tr><td>Vincite potenziali<\/td><td>ILLIMITATE! Fino a <strong>\u00a310,000<\/strong><\/td><\/tr><\/tbody><\/table><\/figure>\n\n\n\n<div class=\"wp-block-buttons is-content-justification-center is-layout-flex wp-container-core-buttons-is-layout-a89b3969 wp-block-buttons-is-layout-flex\">\n<div class=\"wp-block-button is-style-fill\"><a class=\"wp-block-button__link has-black-color has-luminous-vivid-amber-background-color has-text-color has-background has-link-color has-medium-font-size has-custom-font-size wp-element-button\" href=\"https:\/\/pomme-pidou.com\/go\/play\/\" style=\"border-width:18px;border-top-left-radius:50px;border-top-right-radius:50px;border-bottom-left-radius:50px;border-bottom-right-radius:50px;padding-top:var(--wp--preset--spacing--30);padding-right:var(--wp--preset--spacing--50);padding-bottom:var(--wp--preset--spacing--30);padding-left:var(--wp--preset--spacing--50)\"><strong>Gioca a Tower Rush<\/strong><\/a><\/div>\n<\/div>\n\n\n\n<h2 class=\"wp-block-heading has-text-align-center has-large-font-size\"><strong><strong><strong>meccaniche di gioco di Tower Rush \u2014 Come giocare e vincere<\/strong><\/strong><\/strong><\/h2>\n\n\n\n<p>Preparati per l'esperienza pi\u00f9 emozionante della tua vita da giocatore! <strong>Tower Rush<\/strong> trasforma la costruzione di torri in una vera e propria macchina da corsa. Ogni piano che posizioni con successo <strong>moltiplica<\/strong> le tue vincite cumulativamente \u2014 \u00e8 pura magia matematica.<\/p>\n\n\n\n<figure class=\"wp-block-image aligncenter size-full is-resized has-custom-border\"><a href=\"https:\/\/launchdigi.net\/GamesLaunch\/Launch?deviceType=1&amp;displayType=1&amp;gameid=39386&amp;lang=EN&amp;mainDomain=https%3A%2F%2Fbetify.com%2Fen%2F&amp;operatorid=5F00B9D2&amp;playMode=demo\"><img loading=\"lazy\" decoding=\"async\" width=\"800\" height=\"418\" src=\"https:\/\/pomme-pidou.com\/wp-content\/uploads\/2026\/02\/Tower-Rush-explanation.webp\" alt=\"meccaniche di gioco di Tower Rush\" class=\"wp-image-1596\" style=\"border-radius:15px;width:800px\" srcset=\"https:\/\/pomme-pidou.com\/wp-content\/uploads\/2026\/02\/Tower-Rush-explanation.webp 800w, https:\/\/pomme-pidou.com\/wp-content\/uploads\/2026\/02\/Tower-Rush-explanation-300x157.webp 300w, https:\/\/pomme-pidou.com\/wp-content\/uploads\/2026\/02\/Tower-Rush-explanation-768x401.webp 768w, https:\/\/pomme-pidou.com\/wp-content\/uploads\/2026\/02\/Tower-Rush-explanation-18x9.webp 18w\" sizes=\"auto, (max-width: 800px) 100vw, 800px\" \/><\/a><\/figure>\n\n\n\n<p>Il principio \u00e8 diabolico ma incredibilmente avvincente: controlli una gru che oscilla sopra la tua torre. Tempismo perfetto = moltiplicatore esplosivo. Tempismo sbagliato = crollo totale. Il tuo cuore batter\u00e0 ad ogni caduta.<\/p>\n\n\n\n<ul class=\"wp-block-list\">\n<li><strong>PASSO 1:<\/strong> Posiziona la tua scommessa (<strong>\u20ac0.10 a \u20ac100<\/strong>) \u2014 ogni penny pu\u00f2 portare a vincite enormi!<\/li>\n\n\n\n<li>&nbsp;<strong>PASSO 2:<\/strong> Clicca <strong>\u201cCOSTRUISCI\u201d<\/strong> al momento perfetto \u2014 la gru oscilla e devi sincronizzarlo bene!<\/li>\n\n\n\n<li>&nbsp;<strong>PASSO 3:<\/strong> Guarda il tuo moltiplicatore <strong>esplodere<\/strong> \u2014 ogni piano aumenta il tuo pagamento!<\/li>\n\n\n\n<li>&nbsp;<strong>PASSO 4:<\/strong> Decidi: <strong>Ritira<\/strong> o continua a costruire per moltiplicatori da capogiro!<\/li>\n\n\n\n<li>&nbsp;<strong>PASSO 5:<\/strong> Un errore = crollo totale \u2014 ma che adrenalina!<\/li>\n<\/ul>\n\n\n\n<div class=\"wp-block-buttons is-content-justification-center is-layout-flex wp-container-core-buttons-is-layout-a89b3969 wp-block-buttons-is-layout-flex\">\n<div class=\"wp-block-button is-style-fill\"><a class=\"wp-block-button__link has-black-color has-luminous-vivid-amber-background-color has-text-color has-background has-link-color has-medium-font-size has-custom-font-size wp-element-button\" href=\"https:\/\/pomme-pidou.com\/go\/play\/\" style=\"border-width:18px;border-top-left-radius:50px;border-top-right-radius:50px;border-bottom-left-radius:50px;border-bottom-right-radius:50px;padding-top:var(--wp--preset--spacing--30);padding-right:var(--wp--preset--spacing--50);padding-bottom:var(--wp--preset--spacing--30);padding-left:var(--wp--preset--spacing--50)\"><strong>Usa il BONUS esclusivo<\/strong><\/a><\/div>\n<\/div>\n\n\n\n<h2 class=\"wp-block-heading has-text-align-center has-large-font-size\"><strong><strong>Recensioni ed esperienze dei giocatori di Tower Rush \u2014 Testimonianze reali<\/strong><\/strong><\/h2>\n\n\n\n<p><strong>Le recensioni dei giocatori di Tower Rush<\/strong> sono unanimi: \u00e8 uno dei giochi pi\u00f9 avvincenti che i giocatori abbiano mai visto. Le testimonianze arrivano da ogni parte, raccontando storie di vincite spettacolari ed emozioni intense. Ecco perch\u00e9 le persone non possono smettere di giocare <strong>a Tower Rush<\/strong>.<\/p>\n\n\n\n<div class=\"wp-block-cover alignfull\" style=\"min-height:308px;aspect-ratio:unset;\"><span aria-hidden=\"true\" class=\"wp-block-cover__background has-palette-color-4-background-color has-background-dim-100 has-background-dim\"><\/span><div class=\"wp-block-cover__inner-container is-layout-constrained wp-block-cover-is-layout-constrained\">\n<div class=\"wp-block-columns is-layout-flex wp-container-core-columns-is-layout-28f84493 wp-block-columns-is-layout-flex\">\n<div class=\"wp-block-column is-layout-flow wp-block-column-is-layout-flow\">\n<figure class=\"wp-block-pullquote has-border-color has-palette-color-2-border-color has-palette-color-2-color has-palette-color-8-background-color has-text-color has-background has-link-color has-medium-font-size wp-elements-b4f32a9698219fce5a634d7fb0580071\" style=\"border-width:5px;border-radius:15px;padding-top:var(--wp--preset--spacing--30);padding-right:var(--wp--preset--spacing--30);padding-bottom:var(--wp--preset--spacing--30);padding-left:var(--wp--preset--spacing--30)\"><blockquote><p>\u201cMai visto un <strong>Tower Rush casin\u00f2<\/strong> gioco cos\u00ec coinvolgente! Ogni round \u00e8 pura adrenalina!\u201d<\/p><cite><strong>Giulia F. (Roma)<\/strong><\/cite><\/blockquote><\/figure>\n<\/div>\n\n\n\n<div class=\"wp-block-column is-layout-flow wp-block-column-is-layout-flow\">\n<figure class=\"wp-block-pullquote has-palette-color-2-color has-white-background-color has-text-color has-background has-link-color has-medium-font-size wp-elements-e56f45ef2eb32887be99318d58bfdb59\" style=\"border-width:5px;border-radius:15px;padding-top:var(--wp--preset--spacing--30);padding-right:var(--wp--preset--spacing--30);padding-bottom:var(--wp--preset--spacing--30);padding-left:var(--wp--preset--spacing--30)\"><blockquote><p>\u201cCostruire la Torre di Babele\u2026 in stile casin\u00f2. Brillante! La <strong>demo di Tower Rush<\/strong> mi ha convinto all'istante!\u201d<\/p><cite><strong>Marco L. (Milano)<\/strong><\/cite><\/blockquote><\/figure>\n<\/div>\n\n\n\n<div class=\"wp-block-column is-layout-flow wp-block-column-is-layout-flow\">\n<figure class=\"wp-block-pullquote has-border-color has-palette-color-1-border-color has-palette-color-2-color has-white-background-color has-text-color has-background has-link-color has-medium-font-size wp-elements-c4d272f95f123b53bc9d229576136df6\" style=\"border-width:5px;border-radius:15px;padding-top:var(--wp--preset--spacing--30);padding-right:var(--wp--preset--spacing--30);padding-bottom:var(--wp--preset--spacing--30);padding-left:var(--wp--preset--spacing--30)\"><blockquote><p>\u201c<strong>Tower Rush soldi veri<\/strong> = vibrazioni da jackpot! Moltiplicatori pazzeschi! Ho finito con le slot classiche!\u201d<\/p><cite><strong>Sofia R. (Siena)<\/strong><\/cite><\/blockquote><\/figure>\n<\/div>\n<\/div>\n<\/div><\/div>\n\n\n\n<p>Queste <strong>Tower Rush gioco<\/strong> recensioni mostrano il grande hype attorno a questo concetto rivoluzionario. I giocatori segnalano sessioni epiche in cui l'eccitazione non scende mai. <strong>Galaxsys Tower Rush<\/strong> ha creato qualcosa di veramente diverso \u2014 oltre il semplice intrattenimento.<\/p>\n\n\n\n<div class=\"wp-block-buttons is-content-justification-center is-layout-flex wp-container-core-buttons-is-layout-a89b3969 wp-block-buttons-is-layout-flex\">\n<div class=\"wp-block-button is-style-fill\"><a class=\"wp-block-button__link has-black-color has-luminous-vivid-amber-background-color has-text-color has-background has-link-color has-medium-font-size has-custom-font-size wp-element-button\" href=\"https:\/\/pomme-pidou.com\/go\/play\/\" style=\"border-width:18px;border-top-left-radius:50px;border-top-right-radius:50px;border-bottom-left-radius:50px;border-bottom-right-radius:50px;padding-top:var(--wp--preset--spacing--30);padding-right:var(--wp--preset--spacing--50);padding-bottom:var(--wp--preset--spacing--30);padding-left:var(--wp--preset--spacing--50)\"><strong>Gioca a Tower Rush<\/strong><\/a><\/div>\n<\/div>\n\n\n\n<h2 class=\"wp-block-heading has-text-align-center has-large-font-size\"><strong><strong>Tower Rush caratteristiche &amp; bonus \u2014 Frozen Floor, Temple Floor e Triple Build<\/strong><\/strong><\/h2>\n\n\n\n<p>Tieni duro: <strong>Tower Rush<\/strong> nasconde piani bonus rivoluzionari che possono <em>potenziare<\/em> l'esperienza. Questi tre piani bonus appaiono casualmente e trasformano ogni sessione in un'avventura epica \u2014 con meccaniche che non si vedono altrove.<\/p>\n\n\n\n<figure class=\"wp-block-image aligncenter size-full has-custom-border\"><a href=\"https:\/\/launchdigi.net\/GamesLaunch\/Launch?deviceType=1&amp;displayType=1&amp;gameid=39386&amp;lang=EN&amp;mainDomain=https%3A%2F%2Fbetify.com%2Fen%2F&amp;operatorid=5F00B9D2&amp;playMode=demo\"><img loading=\"lazy\" decoding=\"async\" width=\"800\" height=\"344\" src=\"https:\/\/pomme-pidou.com\/wp-content\/uploads\/2026\/02\/Tower-Rush-Game.webp\" alt=\"Bonus di Tower Rush\" class=\"wp-image-1597\" style=\"border-radius:15px\" srcset=\"https:\/\/pomme-pidou.com\/wp-content\/uploads\/2026\/02\/Tower-Rush-Game.webp 800w, https:\/\/pomme-pidou.com\/wp-content\/uploads\/2026\/02\/Tower-Rush-Game-300x129.webp 300w, https:\/\/pomme-pidou.com\/wp-content\/uploads\/2026\/02\/Tower-Rush-Game-768x330.webp 768w, https:\/\/pomme-pidou.com\/wp-content\/uploads\/2026\/02\/Tower-Rush-Game-18x8.webp 18w\" sizes=\"auto, (max-width: 800px) 100vw, 800px\" \/><\/a><\/figure>\n\n\n\n<p><strong>PAVIMENTO FROZEN (Pavimento Ghiacciato)<\/strong> \u2014 il bonus sacro! \u201cCongela\u201d le tue vincite. Anche se la tua torre crolla dopo, mantieni i guadagni congelati. \u00c8 come un'assicurazione sulla vita per i tuoi moltiplicatori.<\/p>\n\n\n\n<p><strong>PAVIMENTO TEMPIO (Pavimento del Tempio)<\/strong> \u2014 un momento di ruota della fortuna incorporato! 10 segmenti con moltiplicatori selvaggi: <strong>x1.5, x2, x3, x5, x7<\/strong>, e persino un Bonus Freeze. Pu\u00f2 attivarsi pi\u00f9 volte.<\/p>\n\n\n\n<p class=\"has-text-align-center\"><strong>TRIPLE BUILD (Costruzione Tripla)<\/strong> \u2014 3 piani alla volta, garantiti sopra <strong>x1<\/strong>. Non puoi crollare durante questi 3 piani. \u00c8 costruzione turbo con rischio ridotto. Questi bonus trasformano completamente il <strong>Demo del gioco Tower Rush<\/strong> esperienza. Immagina di atterrare su un Pavimento Congelato a <strong>x15<\/strong> \u2014 le tue vincite sono bloccate. O colpire un Pavimento Tempio che ti lancia direttamente a <strong>x50<\/strong>. Pura magia del gioco.<\/p>\n\n\n\n<div class=\"wp-block-buttons is-content-justification-center is-layout-flex wp-container-core-buttons-is-layout-a89b3969 wp-block-buttons-is-layout-flex\">\n<div class=\"wp-block-button is-style-fill\"><a class=\"wp-block-button__link has-black-color has-luminous-vivid-amber-background-color has-text-color has-background has-link-color has-medium-font-size has-custom-font-size wp-element-button\" href=\"https:\/\/pomme-pidou.com\/go\/play\/\" style=\"border-width:18px;border-top-left-radius:50px;border-top-right-radius:50px;border-bottom-left-radius:50px;border-bottom-right-radius:50px;padding-top:var(--wp--preset--spacing--30);padding-right:var(--wp--preset--spacing--50);padding-bottom:var(--wp--preset--spacing--30);padding-left:var(--wp--preset--spacing--50)\">Scopri Tower Rush<\/a><\/div>\n<\/div>\n\n\n\n<h2 class=\"wp-block-heading has-text-align-center has-large-font-size\"><strong><strong>Grafica, animazioni e interfaccia di Tower Rush \u2013 Un'esperienza visiva affascinante<\/strong><\/strong><\/h2>\n\n\n\n<div class=\"wp-block-columns is-layout-flex wp-container-core-columns-is-layout-28f84493 wp-block-columns-is-layout-flex\">\n<div class=\"wp-block-column is-vertically-aligned-center is-layout-flow wp-block-column-is-layout-flow\" style=\"flex-basis:66.66%\">\n<p>Prepara i tuoi occhi per uno spettacolo visivo straordinario. <strong>Tower Rush<\/strong> non \u00e8 solo rivoluzionario nel gameplay \u2014 \u00e8 anche un mondo stiloso e cartoonesco progettato per massimizzare il divertimento.<\/p>\n\n\n\n<p>L'ambientazione? Una deliziosa cittadina con un negozio di spiriti come base \u2014 adorabile e immersiva. Le animazioni sono meravigliosamente fluide: la gru oscilla in modo ipnotico, i pavimenti atterrano con effetti impattanti e i moltiplicatori esplodono con luci abbaglianti.<\/p>\n\n\n\n<figure class=\"wp-block-table\"><table class=\"has-fixed-layout\"><tbody><tr><td><strong>ELEMENTO VISIVO<\/strong><\/td><td><strong>IMPATTO SENSAZIONALE<\/strong><\/td><\/tr><tr><td>Animazioni 2D<\/td><td>Perfetta fluidit\u00e0 \u2014 ogni movimento ti coinvolge<\/td><\/tr><tr><td>Interfaccia mobile<\/td><td>Ottimizzazione totale \u2014 gioca con una mano<\/td><\/tr><tr><td>Effetti di luce<\/td><td>Moltiplicatori che brillano come diamanti<\/td><\/tr><\/tbody><\/table><\/figure>\n<\/div>\n\n\n\n<div class=\"wp-block-column is-layout-flow wp-block-column-is-layout-flow\" style=\"flex-basis:33.33%\">\n<figure class=\"wp-block-image size-full\"><a href=\"https:\/\/launchdigi.net\/GamesLaunch\/Launch?deviceType=1&amp;displayType=1&amp;gameid=39386&amp;lang=EN&amp;mainDomain=https%3A%2F%2Fbetify.com%2Fen%2F&amp;operatorid=5F00B9D2&amp;playMode=demo\"><img loading=\"lazy\" decoding=\"async\" width=\"400\" height=\"759\" src=\"https:\/\/pomme-pidou.com\/wp-content\/uploads\/2026\/02\/Tower-Rush-mobile.webp\" alt=\"Tower Rush mobile\" class=\"wp-image-1601\" srcset=\"https:\/\/pomme-pidou.com\/wp-content\/uploads\/2026\/02\/Tower-Rush-mobile.webp 400w, https:\/\/pomme-pidou.com\/wp-content\/uploads\/2026\/02\/Tower-Rush-mobile-158x300.webp 158w, https:\/\/pomme-pidou.com\/wp-content\/uploads\/2026\/02\/Tower-Rush-mobile-6x12.webp 6w\" sizes=\"auto, (max-width: 400px) 100vw, 400px\" \/><\/a><\/figure>\n<\/div>\n<\/div>\n\n\n\n<div class=\"wp-block-buttons is-content-justification-center is-layout-flex wp-container-core-buttons-is-layout-a89b3969 wp-block-buttons-is-layout-flex\">\n<div class=\"wp-block-button is-style-fill\"><a class=\"wp-block-button__link has-black-color has-luminous-vivid-amber-background-color has-text-color has-background has-link-color has-medium-font-size has-custom-font-size wp-element-button\" href=\"https:\/\/pomme-pidou.com\/go\/play\/\" style=\"border-width:18px;border-top-left-radius:50px;border-top-right-radius:50px;border-bottom-left-radius:50px;border-bottom-right-radius:50px;padding-top:var(--wp--preset--spacing--30);padding-right:var(--wp--preset--spacing--50);padding-bottom:var(--wp--preset--spacing--30);padding-left:var(--wp--preset--spacing--50)\">Gioca a Tower Rush<\/a><\/div>\n<\/div>\n\n\n\n<h2 class=\"wp-block-heading has-text-align-center has-large-font-size\"><strong><strong><strong>RTP, volatilit\u00e0 e statistiche di Tower Rush \u2014 Analisi delle vincite<\/strong><\/strong><\/strong><\/h2>\n\n\n\n<p>Ecco i numeri che potrebbero farti saltare dalla sedia: <strong>Tower Rush<\/strong> mostra un RTP tra <strong>96.12% e 97%<\/strong> a seconda delle fonti \u2014 eccellente per un gioco cos\u00ec intenso. Ma nota: alcune <strong>Tower Rush casin\u00f2<\/strong> liste affermano fino a <strong>98.50%<\/strong>. Controlla sempre prima di giocare.<\/p>\n\n\n\n<p>La volatilit\u00e0 varia da media ad alta a seconda del tuo stile. Pi\u00f9 costruisci in alto, pi\u00f9 le vincite possono diventare astronomiche. Il tetto teorico \u00e8 \"illimitato\", ma in pratica le vincite massime raggiungono <strong>\u00a310,000<\/strong> su una <strong>\u00a3100<\/strong> puntata \u2014 un enorme <strong>x100<\/strong> moltiplicatore.<\/p>\n\n\n\n<h3 class=\"wp-block-heading has-medium-font-size\"><strong>Vantaggi e legittimit\u00e0 \u2014 Perch\u00e9 Tower Rush si distingue<\/strong><\/h3>\n\n\n\n<p><strong>Tower Rush<\/strong> non \u00e8 come altri giochi \u2014 \u00e8 una rivoluzione del gioco certificata. Sviluppato da <strong>Galaxsys<\/strong> sotto <strong>Autorit\u00e0 di Gioco di Malta<\/strong> licenza, questo <strong>Tower Rush casin\u00f2 online<\/strong> titolo offre anche trasparente equit\u00e0 con <strong>Provabilmente Giusto<\/strong> meccaniche. Puoi verificare ogni risultato tu stesso.<\/p>\n\n\n\n<ul class=\"wp-block-list\">\n<li>Un concetto veramente unico \u2014 costruzione interattiva vs crash passivo<\/li>\n\n\n\n<li><strong>Provabilmente Giusto<\/strong> sistema \u2014 verifica ogni round<\/li>\n\n\n\n<li>Moltiplicatori teoricamente illimitati \u2014 il cielo \u00e8 il limite<\/li>\n\n\n\n<li>3 bonus rivoluzionari che cambiano tutto<\/li>\n\n\n\n<li>Funziona ovunque \u2014 desktop, mobile, tablet<\/li>\n<\/ul>\n\n\n\n<h3 class=\"wp-block-heading has-medium-font-size\"><strong>Strategie e suggerimenti di Tower Rush \u2014 Massimizza le tue possibilit\u00e0<\/strong><\/h3>\n\n\n\n<p>Ecco i segreti che i professionisti non vogliono che tu sappia. Queste <strong>Tower Rush<\/strong> strategie possono trasformare le tue sessioni e migliorare i tuoi risultati \u2014 \u00e8 tempo di diventare un esperto nella costruzione di torri.<\/p>\n\n\n\n<p><strong>Strategia conservativa:<\/strong> ritira tra <strong>x1.5 e x2.5<\/strong> costantemente. Meno spettacolare, ma protegge il tuo bankroll e ti aiuta a imparare <strong>demo di Tower Rush<\/strong> meccaniche.<\/p>\n\n\n\n<p><strong>Strategia aggressiva:<\/strong> punta a <strong>x10+<\/strong>. Accetta le perdite in cambio di colpi massicci. Usa solo una piccola parte del tuo bankroll \u2014 ma quando colpisce, sono fuochi d'artificio.<strong>Strategia bonus:<\/strong> dopo un <strong>Pavimento Congelato<\/strong>, vai ultra-aggressivo. Le tue vincite sono protette, quindi spingi pi\u00f9 forte. Dopo un favorevole <strong>Pavimento del Tempio<\/strong>, ritira rapidamente per bloccare i moltiplicatori bonus.<\/p>\n\n\n\n<div class=\"wp-block-buttons is-content-justification-center is-layout-flex wp-container-core-buttons-is-layout-a89b3969 wp-block-buttons-is-layout-flex\">\n<div class=\"wp-block-button is-style-fill\"><a class=\"wp-block-button__link has-black-color has-luminous-vivid-amber-background-color has-text-color has-background has-link-color has-medium-font-size has-custom-font-size wp-element-button\" href=\"https:\/\/pomme-pidou.com\/go\/play\/\" style=\"border-width:18px;border-top-left-radius:50px;border-top-right-radius:50px;border-bottom-left-radius:50px;border-bottom-right-radius:50px;padding-top:var(--wp--preset--spacing--30);padding-right:var(--wp--preset--spacing--50);padding-bottom:var(--wp--preset--spacing--30);padding-left:var(--wp--preset--spacing--50)\">Prova Tower Rush Ora<\/a><\/div>\n<\/div>\n\n\n\n<h2 class=\"wp-block-heading has-text-align-center has-large-font-size\">Recensioni dei giocatori di Tower Rush \u2014 VERDETTO FINALE: Rivoluzionario<\/h2>\n\n\n\n<p class=\"has-text-align-center\"><strong>Tower Rush va oltre un semplice gioco da casin\u00f2 \u2014 diventa una vera e propria nuova esperienza di gioco. Con tre bonus che cambiano le regole del gioco, enormi moltiplicatori e un concetto interattivo di costruzione della torre, questo titolo Galaxsys merita il suo clamore. Prova la demo di Tower Rush, poi tuffati nel gioco da casin\u00f2 di Tower Rush \u2014 potresti non guardare mai pi\u00f9 i giochi \u201cclassici\u201d allo stesso modo.<\/strong><\/p>","protected":false},"excerpt":{"rendered":"<p>Scopri perch\u00e9 il casin\u00f2 Tower Rush sta facendo scalpore! Questa recensione di Tower Rush rivela tutti i segreti dietro il gioco di Tower Rush pi\u00f9 avvincente del 2025.<\/p>","protected":false},"author":3,"featured_media":1600,"parent":0,"menu_order":0,"comment_status":"closed","ping_status":"closed","template":"","meta":{"footnotes":""},"class_list":["post-1044","page","type-page","status-publish","has-post-thumbnail","hentry"],"blocksy_meta":[],"_hostinger_reach_plugin_has_subscription_block":false,"_hostinger_reach_plugin_is_elementor":false,"_links":{"self":[{"href":"https:\/\/pomme-pidou.com\/it\/wp-json\/wp\/v2\/pages\/1044","targetHints":{"allow":["GET"]}}],"collection":[{"href":"https:\/\/pomme-pidou.com\/it\/wp-json\/wp\/v2\/pages"}],"about":[{"href":"https:\/\/pomme-pidou.com\/it\/wp-json\/wp\/v2\/types\/page"}],"author":[{"embeddable":true,"href":"https:\/\/pomme-pidou.com\/it\/wp-json\/wp\/v2\/users\/3"}],"replies":[{"embeddable":true,"href":"https:\/\/pomme-pidou.com\/it\/wp-json\/wp\/v2\/comments?post=1044"}],"version-history":[{"count":508,"href":"https:\/\/pomme-pidou.com\/it\/wp-json\/wp\/v2\/pages\/1044\/revisions"}],"predecessor-version":[{"id":1637,"href":"https:\/\/pomme-pidou.com\/it\/wp-json\/wp\/v2\/pages\/1044\/revisions\/1637"}],"wp:featuredmedia":[{"embeddable":true,"href":"https:\/\/pomme-pidou.com\/it\/wp-json\/wp\/v2\/media\/1600"}],"wp:attachment":[{"href":"https:\/\/pomme-pidou.com\/it\/wp-json\/wp\/v2\/media?parent=1044"}],"curies":[{"name":"wp","href":"https:\/\/api.w.org\/{rel}","templated":true}]}}