{"id":1044,"date":"2025-07-17T09:01:40","date_gmt":"2025-07-17T09:01:40","guid":{"rendered":"https:\/\/pomme-pidou.com\/?page_id=1044"},"modified":"2026-03-08T20:52:40","modified_gmt":"2026-03-08T20:52:40","slug":"1044-2","status":"publish","type":"page","link":"https:\/\/pomme-pidou.com\/fr_be\/","title":{"rendered":""},"content":{"rendered":"<div class=\"wp-block-group alignfull has-palette-color-2-background-color has-background is-layout-constrained wp-container-core-group-is-layout-30479cf7 wp-block-group-is-layout-constrained\" style=\"padding-top:1em;padding-right:1em;padding-bottom:0em;padding-left:1em\">\n<div class=\"wp-block-cover alignfull wp-container-content-9cfa9a5a\" style=\"margin-top:0;margin-bottom:0;padding-top:0;padding-right:var(--wp--preset--spacing--40);padding-bottom:0;padding-left:var(--wp--preset--spacing--40);min-height:305px;aspect-ratio:unset;\"><img loading=\"lazy\" decoding=\"async\" width=\"800\" height=\"344\" class=\"wp-block-cover__image-background wp-image-1597 size-full\" alt=\"\" src=\"https:\/\/pomme-pidou.com\/wp-content\/uploads\/2026\/02\/Tower-Rush-Game.webp\" style=\"object-position:50% 100%\" data-object-fit=\"cover\" data-object-position=\"50% 100%\" srcset=\"https:\/\/pomme-pidou.com\/wp-content\/uploads\/2026\/02\/Tower-Rush-Game.webp 800w, https:\/\/pomme-pidou.com\/wp-content\/uploads\/2026\/02\/Tower-Rush-Game-300x129.webp 300w, https:\/\/pomme-pidou.com\/wp-content\/uploads\/2026\/02\/Tower-Rush-Game-768x330.webp 768w, https:\/\/pomme-pidou.com\/wp-content\/uploads\/2026\/02\/Tower-Rush-Game-18x8.webp 18w\" sizes=\"auto, (max-width: 800px) 100vw, 800px\" \/><span aria-hidden=\"true\" class=\"wp-block-cover__background has-palette-color-4-background-color has-background-dim-70 has-background-dim\"><\/span><div class=\"wp-block-cover__inner-container is-layout-flow wp-block-cover-is-layout-flow\">\n<h1 class=\"wp-block-heading has-text-align-center has-palette-color-8-color has-text-color has-link-color wp-elements-ba9eb9b31b3db699566d17dc645b6440\" style=\"margin-top:0;margin-right:0;margin-bottom:var(--wp--preset--spacing--50);margin-left:0;font-size:clamp(18.959px, 1.185rem + ((1vw - 3.2px) * 0.863), 30px);\"><strong><strong><strong><strong><strong>Avis des joueurs de Tower Rush \u2013 Le jeu r\u00e9volutionnaire<\/strong><\/strong><\/strong><\/strong><\/strong><\/h1>\n\n\n\n<div class=\"wp-block-buttons is-content-justification-center is-layout-flex wp-container-core-buttons-is-layout-a89b3969 wp-block-buttons-is-layout-flex\">\n<div class=\"wp-block-button is-style-fill\"><a class=\"wp-block-button__link has-black-color has-luminous-vivid-amber-background-color has-text-color has-background has-link-color has-medium-font-size has-custom-font-size wp-element-button\" href=\"https:\/\/pomme-pidou.com\/go\/play\/\" style=\"border-width:18px;border-top-left-radius:50px;border-top-right-radius:50px;border-bottom-left-radius:50px;border-bottom-right-radius:50px;padding-top:0;padding-right:var(--wp--preset--spacing--50);padding-bottom:0;padding-left:var(--wp--preset--spacing--50);font-style:normal;font-weight:700\">Profitez<br>BONUS exclusif<\/a><\/div>\n<\/div>\n<\/div><\/div>\n<\/div>\n\n\n\n<p class=\"has-text-align-center\">D\u00e9couvrez pourquoi <strong>Casino Tower Rush<\/strong> fait des vagues ! Ce <strong>avis sur Tower Rush<\/strong> r\u00e9v\u00e8le tous les secrets derri\u00e8re le jeu le plus addictif <strong>de Tower Rush<\/strong> de 2025. Pr\u00e9parez-vous \u00e0 des sensations fortes avec des multiplicateurs qui peuvent <strong>faire exploser vos gains<\/strong>!<\/p>\n\n\n\n<h2 class=\"wp-block-heading has-text-align-center has-large-font-size\"><strong><strong><strong>Aper\u00e7u de Tower Rush \u2014 Un concept de jeu unique<\/strong><\/strong><\/strong><\/h2>\n\n\n\n<p><strong>Tower Rush<\/strong> par <strong>Galaxsys<\/strong> bouleverse le monde du <strong>casino en ligne Tower Rush<\/strong> jouez avec un concept v\u00e9ritablement brillant. Imaginez construire une tour g\u00e9ante \u00e9tage par \u00e9tage, o\u00f9 chaque placement r\u00e9ussi augmente votre multiplicateur de mani\u00e8re explosive. Ce n\u2019est pas juste un autre <strong>de Tower Rush<\/strong> \u2014 c\u2019est de l\u2019adr\u00e9naline pure o\u00f9 chaque seconde compte.<\/p>\n\n\n\n<p>Contrairement aux jeux de crash classiques o\u00f9 vous restez passif, <strong>Tower Rush<\/strong> vous met aux commandes d'une grue oscillante dans une charmante petite ville. Votre mission ? Empiler des \u00e9tages sans que votre empire ne s'effondre. Le suspense est irr\u00e9el \u2014 un faux pas et tout s'\u00e9croule !<\/p>\n\n\n\n<figure class=\"wp-block-table\"><table><tbody><tr><td><strong>CARACT\u00c9RISTIQUE<\/strong><\/td><td><strong>D\u00c9TAIL EXPLOSIF<\/strong><\/td><\/tr><tr><td>D\u00e9veloppeur<\/td><td>Galaxsys (R\u00e9volutionnaire !)<\/td><\/tr><tr><td>Type de jeu<\/td><td>Jeu de Crash\/Turbo R\u00e9volutionnaire<\/td><\/tr><tr><td>Gains potentiels<\/td><td>ILLIMIT\u00c9S ! Jusqu'\u00e0 <strong>\u00a310,000<\/strong><\/td><\/tr><\/tbody><\/table><\/figure>\n\n\n\n<div class=\"wp-block-buttons is-content-justification-center is-layout-flex wp-container-core-buttons-is-layout-a89b3969 wp-block-buttons-is-layout-flex\">\n<div class=\"wp-block-button is-style-fill\"><a class=\"wp-block-button__link has-black-color has-luminous-vivid-amber-background-color has-text-color has-background has-link-color has-medium-font-size has-custom-font-size wp-element-button\" href=\"https:\/\/pomme-pidou.com\/go\/play\/\" style=\"border-width:18px;border-top-left-radius:50px;border-top-right-radius:50px;border-bottom-left-radius:50px;border-bottom-right-radius:50px;padding-top:var(--wp--preset--spacing--30);padding-right:var(--wp--preset--spacing--50);padding-bottom:var(--wp--preset--spacing--30);padding-left:var(--wp--preset--spacing--50)\"><strong>Jouez \u00e0 Tower Rush<\/strong><\/a><\/div>\n<\/div>\n\n\n\n<h2 class=\"wp-block-heading has-text-align-center has-large-font-size\"><strong><strong><strong>M\u00e9canismes de jeu de Tower Rush \u2014 Comment jouer et gagner<\/strong><\/strong><\/strong><\/h2>\n\n\n\n<p>Pr\u00e9parez-vous pour l'exp\u00e9rience la plus palpitante de votre vie de joueur ! <strong>Tower Rush<\/strong> transforme la construction de tours en une v\u00e9ritable machine \u00e0 sensations fortes. Chaque \u00e9tage que vous placez avec succ\u00e8s <strong>multiplie<\/strong> vos gains de mani\u00e8re cumulative \u2014 c'est de la pure magie math\u00e9matique.<\/p>\n\n\n\n<figure class=\"wp-block-image aligncenter size-full is-resized has-custom-border\"><a href=\"https:\/\/launchdigi.net\/GamesLaunch\/Launch?deviceType=1&amp;displayType=1&amp;gameid=39386&amp;lang=EN&amp;mainDomain=https%3A%2F%2Fbetify.com%2Fen%2F&amp;operatorid=5F00B9D2&amp;playMode=demo\"><img loading=\"lazy\" decoding=\"async\" width=\"800\" height=\"418\" src=\"https:\/\/pomme-pidou.com\/wp-content\/uploads\/2026\/02\/Tower-Rush-explanation.webp\" alt=\"M\u00e9canique de jeu de Tower Rush\" class=\"wp-image-1596\" style=\"border-radius:15px;width:800px\" srcset=\"https:\/\/pomme-pidou.com\/wp-content\/uploads\/2026\/02\/Tower-Rush-explanation.webp 800w, https:\/\/pomme-pidou.com\/wp-content\/uploads\/2026\/02\/Tower-Rush-explanation-300x157.webp 300w, https:\/\/pomme-pidou.com\/wp-content\/uploads\/2026\/02\/Tower-Rush-explanation-768x401.webp 768w, https:\/\/pomme-pidou.com\/wp-content\/uploads\/2026\/02\/Tower-Rush-explanation-18x9.webp 18w\" sizes=\"auto, (max-width: 800px) 100vw, 800px\" \/><\/a><\/figure>\n\n\n\n<p>Le principe est diaboliquement simple mais incroyablement addictif : vous contr\u00f4lez une grue qui oscille au-dessus de votre tour. Un timing parfait = multiplicateur explosif. Un mauvais timing = effondrement total. Votre c\u0153ur battra \u00e0 chaque chute.<\/p>\n\n\n\n<ul class=\"wp-block-list\">\n<li><strong>\u00c9TAPE 1 :<\/strong> Placez votre mise (<strong>0,10 \u20ac \u00e0 100 \u20ac<\/strong>) \u2014 chaque centime peut mener \u00e0 des gains massifs !<\/li>\n\n\n\n<li>&nbsp;<strong>\u00c9TAPE 2 :<\/strong> Cliquez <strong>sur \"CONSTRUIRE\"<\/strong> au moment parfait \u2014 la grue oscille et vous devez bien chronom\u00e9trer !<\/li>\n\n\n\n<li>&nbsp;<strong>\u00c9TAPE 3 :<\/strong> Regardez votre multiplicateur <strong>exploser<\/strong> \u2014 chaque \u00e9tage augmente votre paiement !<\/li>\n\n\n\n<li>&nbsp;<strong>\u00c9TAPE 4 :<\/strong> D\u00e9cidez : <strong>Retirez vos gains<\/strong> ou continuez \u00e0 construire pour des multiplicateurs vertigineux !<\/li>\n\n\n\n<li>&nbsp;<strong>\u00c9TAPE 5 :<\/strong> Une erreur = effondrement total \u2014 mais quel frisson !<\/li>\n<\/ul>\n\n\n\n<div class=\"wp-block-buttons is-content-justification-center is-layout-flex wp-container-core-buttons-is-layout-a89b3969 wp-block-buttons-is-layout-flex\">\n<div class=\"wp-block-button is-style-fill\"><a class=\"wp-block-button__link has-black-color has-luminous-vivid-amber-background-color has-text-color has-background has-link-color has-medium-font-size has-custom-font-size wp-element-button\" href=\"https:\/\/pomme-pidou.com\/go\/play\/\" style=\"border-width:18px;border-top-left-radius:50px;border-top-right-radius:50px;border-bottom-left-radius:50px;border-bottom-right-radius:50px;padding-top:var(--wp--preset--spacing--30);padding-right:var(--wp--preset--spacing--50);padding-bottom:var(--wp--preset--spacing--30);padding-left:var(--wp--preset--spacing--50)\"><strong>Utilisez le BONUS exclusif<\/strong><\/a><\/div>\n<\/div>\n\n\n\n<h2 class=\"wp-block-heading has-text-align-center has-large-font-size\"><strong><strong>Avis et exp\u00e9riences des joueurs de Tower Rush \u2014 T\u00e9moignages r\u00e9els<\/strong><\/strong><\/h2>\n\n\n\n<p><strong>Avis des joueurs de Tower Rush<\/strong> sont unanimes : c'est l'un des jeux les plus addictifs que les joueurs aient vus. Les t\u00e9moignages affluent de partout, racontant des histoires de gains spectaculaires et d'\u00e9motions intenses. Voici pourquoi les gens ne peuvent pas s'emp\u00eacher de jouer <strong>\u00e0 Tower Rush<\/strong>.<\/p>\n\n\n\n<div class=\"wp-block-cover alignfull\" style=\"min-height:308px;aspect-ratio:unset;\"><span aria-hidden=\"true\" class=\"wp-block-cover__background has-palette-color-4-background-color has-background-dim-100 has-background-dim\"><\/span><div class=\"wp-block-cover__inner-container is-layout-constrained wp-block-cover-is-layout-constrained\">\n<div class=\"wp-block-columns is-layout-flex wp-container-core-columns-is-layout-28f84493 wp-block-columns-is-layout-flex\">\n<div class=\"wp-block-column is-layout-flow wp-block-column-is-layout-flow\">\n<figure class=\"wp-block-pullquote has-border-color has-palette-color-2-border-color has-palette-color-2-color has-palette-color-8-background-color has-text-color has-background has-link-color has-medium-font-size wp-elements-b4f32a9698219fce5a634d7fb0580071\" style=\"border-width:5px;border-radius:15px;padding-top:var(--wp--preset--spacing--30);padding-right:var(--wp--preset--spacing--30);padding-bottom:var(--wp--preset--spacing--30);padding-left:var(--wp--preset--spacing--30)\"><blockquote><p>\u201cJamais vu un <strong>Casino Tower Rush<\/strong> jeu aussi addictif ! Chaque manche est une pure adr\u00e9naline !\u201d<\/p><cite><strong>\u00c9lodie M. (Bruxelles)<\/strong><\/cite><\/blockquote><\/figure>\n<\/div>\n\n\n\n<div class=\"wp-block-column is-layout-flow wp-block-column-is-layout-flow\">\n<figure class=\"wp-block-pullquote has-palette-color-2-color has-white-background-color has-text-color has-background has-link-color has-medium-font-size wp-elements-e56f45ef2eb32887be99318d58bfdb59\" style=\"border-width:5px;border-radius:15px;padding-top:var(--wp--preset--spacing--30);padding-right:var(--wp--preset--spacing--30);padding-bottom:var(--wp--preset--spacing--30);padding-left:var(--wp--preset--spacing--30)\"><blockquote><p>\u201cConstruire la Tour de Babel\u2026 style casino. Brillant ! La <strong>d\u00e9mo Tower Rush<\/strong> m\u2019a convaincu instantan\u00e9ment !\u201d<\/p><cite><strong>Thomas D. (Anvers)<\/strong><\/cite><\/blockquote><\/figure>\n<\/div>\n\n\n\n<div class=\"wp-block-column is-layout-flow wp-block-column-is-layout-flow\">\n<figure class=\"wp-block-pullquote has-border-color has-palette-color-1-border-color has-palette-color-2-color has-white-background-color has-text-color has-background has-link-color has-medium-font-size wp-elements-c4d272f95f123b53bc9d229576136df6\" style=\"border-width:5px;border-radius:15px;padding-top:var(--wp--preset--spacing--30);padding-right:var(--wp--preset--spacing--30);padding-bottom:var(--wp--preset--spacing--30);padding-left:var(--wp--preset--spacing--30)\"><blockquote><p>\u201c<strong>Tower Rush argent r\u00e9el<\/strong> = vibrations de jackpot ! Multiplicateurs fous ! J\u2019en ai fini avec les machines \u00e0 sous classiques !\u201d<\/p><cite><strong>Sophie R. (Dinant)<\/strong><\/cite><\/blockquote><\/figure>\n<\/div>\n<\/div>\n<\/div><\/div>\n\n\n\n<p>Ces <strong>de Tower Rush<\/strong> avis montrent le grand engouement autour de ce concept r\u00e9volutionnaire. Les joueurs rapportent des sessions \u00e9piques o\u00f9 l\u2019excitation ne baisse jamais. <strong>Galaxsys Tower Rush<\/strong> a cr\u00e9\u00e9 quelque chose de vraiment diff\u00e9rent \u2014 au-del\u00e0 du simple divertissement.<\/p>\n\n\n\n<div class=\"wp-block-buttons is-content-justification-center is-layout-flex wp-container-core-buttons-is-layout-a89b3969 wp-block-buttons-is-layout-flex\">\n<div class=\"wp-block-button is-style-fill\"><a class=\"wp-block-button__link has-black-color has-luminous-vivid-amber-background-color has-text-color has-background has-link-color has-medium-font-size has-custom-font-size wp-element-button\" href=\"https:\/\/pomme-pidou.com\/go\/play\/\" style=\"border-width:18px;border-top-left-radius:50px;border-top-right-radius:50px;border-bottom-left-radius:50px;border-bottom-right-radius:50px;padding-top:var(--wp--preset--spacing--30);padding-right:var(--wp--preset--spacing--50);padding-bottom:var(--wp--preset--spacing--30);padding-left:var(--wp--preset--spacing--50)\"><strong>Jouez \u00e0 Tower Rush<\/strong><\/a><\/div>\n<\/div>\n\n\n\n<h2 class=\"wp-block-heading has-text-align-center has-large-font-size\"><strong><strong>Fonctionnalit\u00e9s et bonus de Tower Rush \u2014 Sol Gel\u00e9, Sol du Temple et Construction Triple<\/strong><\/strong><\/h2>\n\n\n\n<p>Accrochez-vous bien : <strong>Tower Rush<\/strong> cache des niveaux de bonus r\u00e9volutionnaires qui peuvent <em>supercharger<\/em> l\u2019exp\u00e9rience. Ces trois niveaux de bonus apparaissent au hasard et transforment chaque session en une aventure \u00e9pique \u2014 avec des m\u00e9caniques que vous ne voyez pas ailleurs.<\/p>\n\n\n\n<figure class=\"wp-block-image aligncenter size-full has-custom-border\"><a href=\"https:\/\/launchdigi.net\/GamesLaunch\/Launch?deviceType=1&amp;displayType=1&amp;gameid=39386&amp;lang=EN&amp;mainDomain=https%3A%2F%2Fbetify.com%2Fen%2F&amp;operatorid=5F00B9D2&amp;playMode=demo\"><img loading=\"lazy\" decoding=\"async\" width=\"800\" height=\"344\" src=\"https:\/\/pomme-pidou.com\/wp-content\/uploads\/2026\/02\/Tower-Rush-Game.webp\" alt=\"Bonus de Tower Rush\" class=\"wp-image-1597\" style=\"border-radius:15px\" srcset=\"https:\/\/pomme-pidou.com\/wp-content\/uploads\/2026\/02\/Tower-Rush-Game.webp 800w, https:\/\/pomme-pidou.com\/wp-content\/uploads\/2026\/02\/Tower-Rush-Game-300x129.webp 300w, https:\/\/pomme-pidou.com\/wp-content\/uploads\/2026\/02\/Tower-Rush-Game-768x330.webp 768w, https:\/\/pomme-pidou.com\/wp-content\/uploads\/2026\/02\/Tower-Rush-Game-18x8.webp 18w\" sizes=\"auto, (max-width: 800px) 100vw, 800px\" \/><\/a><\/figure>\n\n\n\n<p><strong>SOL GEL\u00c9 (Sol Glac\u00e9)<\/strong> \u2014 le bonus saint graal ! Il \u201cg\u00e8le\u201d vos gains. M\u00eame si votre tour s\u2019effondre plus tard, vous conservez les gains gel\u00e9s. C\u2019est comme une assurance vie pour vos multiplicateurs.<\/p>\n\n\n\n<p><strong>SOL DU TEMPLE (Sol du Temple)<\/strong> \u2014 un moment de roue de la fortune int\u00e9gr\u00e9 ! 10 segments avec des multiplicateurs sauvages : <strong>x1.5, x2, x3, x5, x7<\/strong>, et m\u00eame un Bonus de Gel. Il peut se d\u00e9clencher plusieurs fois.<\/p>\n\n\n\n<p class=\"has-text-align-center\"><strong>CONSTRUCTION TRIPLE (Construction Triple)<\/strong> \u2014 3 niveaux \u00e0 la fois, garanti au-dessus <strong>x1<\/strong>. Vous ne pouvez pas vous effondrer pendant ces 3 niveaux. C\u2019est une construction turbo avec un risque r\u00e9duit. Ces bonus transforment compl\u00e8tement le <strong>D\u00e9mo du jeu Tower Rush<\/strong> exp\u00e9rience. Imaginez atterrir sur un Sol Gel\u00e9 \u00e0 <strong>x15<\/strong> \u2014 vos gains sont verrouill\u00e9s. Ou toucher un Sol de Temple qui vous propulse directement \u00e0 <strong>x50<\/strong>. Pure magie du jeu.<\/p>\n\n\n\n<div class=\"wp-block-buttons is-content-justification-center is-layout-flex wp-container-core-buttons-is-layout-a89b3969 wp-block-buttons-is-layout-flex\">\n<div class=\"wp-block-button is-style-fill\"><a class=\"wp-block-button__link has-black-color has-luminous-vivid-amber-background-color has-text-color has-background has-link-color has-medium-font-size has-custom-font-size wp-element-button\" href=\"https:\/\/pomme-pidou.com\/go\/play\/\" style=\"border-width:18px;border-top-left-radius:50px;border-top-right-radius:50px;border-bottom-left-radius:50px;border-bottom-right-radius:50px;padding-top:var(--wp--preset--spacing--30);padding-right:var(--wp--preset--spacing--50);padding-bottom:var(--wp--preset--spacing--30);padding-left:var(--wp--preset--spacing--50)\">D\u00e9couvrez Tower Rush<\/a><\/div>\n<\/div>\n\n\n\n<h2 class=\"wp-block-heading has-text-align-center has-large-font-size\"><strong><strong>Graphismes, animations et interface de Tower Rush \u2013 Une exp\u00e9rience visuelle captivante<\/strong><\/strong><\/h2>\n\n\n\n<div class=\"wp-block-columns is-layout-flex wp-container-core-columns-is-layout-28f84493 wp-block-columns-is-layout-flex\">\n<div class=\"wp-block-column is-vertically-aligned-center is-layout-flow wp-block-column-is-layout-flow\" style=\"flex-basis:66.66%\">\n<p>Pr\u00e9parez vos yeux pour un spectacle visuel \u00e9poustouflant. <strong>Tower Rush<\/strong> n\u2019est pas seulement r\u00e9volutionnaire en termes de gameplay \u2014 c\u2019est aussi un monde cartoon styl\u00e9 con\u00e7u pour maximiser le plaisir.<\/p>\n\n\n\n<p>Le cadre ? Une charmante petite ville avec un magasin d'esprits comme base \u2014 adorable et immersif. Les animations sont merveilleusement fluides : la grue se balance de mani\u00e8re hypnotique, les sols atterrissent avec des effets percutants, et les multiplicateurs \u00e9clatent avec des reflets \u00e9blouissants.<\/p>\n\n\n\n<figure class=\"wp-block-table\"><table class=\"has-fixed-layout\"><tbody><tr><td><strong>\u00c9L\u00c9MENT VISUEL<\/strong><\/td><td><strong>IMPACT SENSATIONNEL<\/strong><\/td><\/tr><tr><td>Animations 2D<\/td><td>Fluidit\u00e9 parfaite \u2014 chaque mouvement vous attire<\/td><\/tr><tr><td>Interface mobile<\/td><td>Optimisation totale \u2014 jouez d'une main<\/td><\/tr><tr><td>Effets lumineux<\/td><td>Multiplicateurs qui brillent comme des diamants<\/td><\/tr><\/tbody><\/table><\/figure>\n<\/div>\n\n\n\n<div class=\"wp-block-column is-layout-flow wp-block-column-is-layout-flow\" style=\"flex-basis:33.33%\">\n<figure class=\"wp-block-image size-full\"><a href=\"https:\/\/launchdigi.net\/GamesLaunch\/Launch?deviceType=1&amp;displayType=1&amp;gameid=39386&amp;lang=EN&amp;mainDomain=https%3A%2F%2Fbetify.com%2Fen%2F&amp;operatorid=5F00B9D2&amp;playMode=demo\"><img loading=\"lazy\" decoding=\"async\" width=\"400\" height=\"759\" src=\"https:\/\/pomme-pidou.com\/wp-content\/uploads\/2026\/02\/Tower-Rush-mobile.webp\" alt=\"Tower Rush mobile\" class=\"wp-image-1601\" srcset=\"https:\/\/pomme-pidou.com\/wp-content\/uploads\/2026\/02\/Tower-Rush-mobile.webp 400w, https:\/\/pomme-pidou.com\/wp-content\/uploads\/2026\/02\/Tower-Rush-mobile-158x300.webp 158w, https:\/\/pomme-pidou.com\/wp-content\/uploads\/2026\/02\/Tower-Rush-mobile-6x12.webp 6w\" sizes=\"auto, (max-width: 400px) 100vw, 400px\" \/><\/a><\/figure>\n<\/div>\n<\/div>\n\n\n\n<div class=\"wp-block-buttons is-content-justification-center is-layout-flex wp-container-core-buttons-is-layout-a89b3969 wp-block-buttons-is-layout-flex\">\n<div class=\"wp-block-button is-style-fill\"><a class=\"wp-block-button__link has-black-color has-luminous-vivid-amber-background-color has-text-color has-background has-link-color has-medium-font-size has-custom-font-size wp-element-button\" href=\"https:\/\/pomme-pidou.com\/go\/play\/\" style=\"border-width:18px;border-top-left-radius:50px;border-top-right-radius:50px;border-bottom-left-radius:50px;border-bottom-right-radius:50px;padding-top:var(--wp--preset--spacing--30);padding-right:var(--wp--preset--spacing--50);padding-bottom:var(--wp--preset--spacing--30);padding-left:var(--wp--preset--spacing--50)\">Jouez \u00e0 Tower Rush<\/a><\/div>\n<\/div>\n\n\n\n<h2 class=\"wp-block-heading has-text-align-center has-large-font-size\"><strong><strong><strong>RTP, volatilit\u00e9 et statistiques de Tower Rush \u2014 Analyse des gains<\/strong><\/strong><\/strong><\/h2>\n\n\n\n<p>Voici les chiffres qui pourraient vous faire sauter de votre chaise : <strong>Tower Rush<\/strong> montre un RTP entre <strong>96.12% et 97%<\/strong> selon les sources \u2014 excellent pour un jeu aussi intense. Mais notez : certaines <strong>Casino Tower Rush<\/strong> listes revendiquent jusqu'\u00e0 <strong>98.50%<\/strong>. V\u00e9rifiez toujours avant de jouer.<\/p>\n\n\n\n<p>La volatilit\u00e9 varie de moyenne \u00e0 \u00e9lev\u00e9e selon votre style. Plus vous construisez haut, plus les paiements peuvent devenir astronomiques. Le plafond th\u00e9orique est \u00ab illimit\u00e9 \u00bb, mais en pratique, les gains maximums atteignent <strong>\u00a310,000<\/strong> sur un <strong>\u00a3100<\/strong> mise \u2014 un \u00e9norme <strong>x100<\/strong> multiplicateur.<\/p>\n\n\n\n<h3 class=\"wp-block-heading has-medium-font-size\"><strong>Avantages et l\u00e9gitimit\u00e9 \u2014 Pourquoi Tower Rush se d\u00e9marque<\/strong><\/h3>\n\n\n\n<p><strong>Tower Rush<\/strong> n\u2019est pas comme les autres jeux \u2014 c\u2019est une r\u00e9volution du jeu certifi\u00e9e. D\u00e9velopp\u00e9 par <strong>Galaxsys<\/strong> sous <strong>l'Autorit\u00e9 des jeux de Malte<\/strong> licence, ce <strong>casino en ligne Tower Rush<\/strong> titre offre \u00e9galement une transparence \u00e9quitable avec <strong>\u00c9quitablement v\u00e9rifiable<\/strong> m\u00e9caniques. Vous pouvez v\u00e9rifier chaque r\u00e9sultat vous-m\u00eame.<\/p>\n\n\n\n<ul class=\"wp-block-list\">\n<li>Un concept vraiment unique \u2014 construction interactive vs crash passif<\/li>\n\n\n\n<li><strong>\u00c9quitablement v\u00e9rifiable<\/strong> syst\u00e8me \u2014 v\u00e9rifiez chaque round<\/li>\n\n\n\n<li>Multiplicateurs th\u00e9oriquement illimit\u00e9s \u2014 le ciel est la limite<\/li>\n\n\n\n<li>3 bonus r\u00e9volutionnaires qui changent tout<\/li>\n\n\n\n<li>Fonctionne partout \u2014 bureau, mobile, tablette<\/li>\n<\/ul>\n\n\n\n<h3 class=\"wp-block-heading has-medium-font-size\"><strong>Strat\u00e9gies et conseils Tower Rush \u2014 Maximisez vos chances<\/strong><\/h3>\n\n\n\n<p>Voici les secrets que les pros ne veulent pas que vous sachiez. Ces <strong>Tower Rush<\/strong> strat\u00e9gies peuvent transformer vos sessions et am\u00e9liorer vos r\u00e9sultats \u2014 il est temps de devenir un expert en construction de tours.<\/p>\n\n\n\n<p><strong>Strat\u00e9gie conservatrice :<\/strong> retirez entre <strong>x1.5 et x2.5<\/strong> de mani\u00e8re coh\u00e9rente. Moins spectaculaire, mais cela prot\u00e8ge votre bankroll et vous aide \u00e0 apprendre <strong>d\u00e9mo Tower Rush<\/strong> les m\u00e9caniques.<\/p>\n\n\n\n<p><strong>Strat\u00e9gie agressive :<\/strong> visez <strong>x10+<\/strong>. Acceptez les pertes en \u00e9change de gains massifs. Utilisez seulement une petite partie de votre bankroll \u2014 mais quand \u00e7a tombe, c\u2019est des feux d'artifice.<strong>Strat\u00e9gie bonus :<\/strong> apr\u00e8s un <strong>Sol gel\u00e9<\/strong>, allez ultra-agressif. Vos gains sont prot\u00e9g\u00e9s, alors poussez plus fort. Apr\u00e8s un favorable <strong>Sol du Temple<\/strong>, retirez rapidement pour verrouiller les multiplicateurs de bonus.<\/p>\n\n\n\n<div class=\"wp-block-buttons is-content-justification-center is-layout-flex wp-container-core-buttons-is-layout-a89b3969 wp-block-buttons-is-layout-flex\">\n<div class=\"wp-block-button is-style-fill\"><a class=\"wp-block-button__link has-black-color has-luminous-vivid-amber-background-color has-text-color has-background has-link-color has-medium-font-size has-custom-font-size wp-element-button\" href=\"https:\/\/pomme-pidou.com\/go\/play\/\" style=\"border-width:18px;border-top-left-radius:50px;border-top-right-radius:50px;border-bottom-left-radius:50px;border-bottom-right-radius:50px;padding-top:var(--wp--preset--spacing--30);padding-right:var(--wp--preset--spacing--50);padding-bottom:var(--wp--preset--spacing--30);padding-left:var(--wp--preset--spacing--50)\">Essayez Tower Rush maintenant<\/a><\/div>\n<\/div>\n\n\n\n<h2 class=\"wp-block-heading has-text-align-center has-large-font-size\">Avis des joueurs de Tower Rush \u2014 VERDICT FINAL : R\u00e9volutionnaire<\/h2>\n\n\n\n<p class=\"has-text-align-center\"><strong>Tower Rush va au-del\u00e0 d'un simple jeu de casino \u2014 il devient une v\u00e9ritable nouvelle exp\u00e9rience de jeu. Avec trois bonus r\u00e9volutionnaires, d'\u00e9normes multiplicateurs et un concept interactif de construction de tours, ce titre Galaxsys m\u00e9rite son battage m\u00e9diatique. Essayez la d\u00e9mo de Tower Rush, puis plongez dans le jeu de casino Tower Rush \u2014 vous ne regarderez peut-\u00eatre plus jamais les jeux \u00ab classiques \u00bb de la m\u00eame mani\u00e8re.<\/strong><\/p>","protected":false},"excerpt":{"rendered":"<p>1. D\u00e9couvrez pourquoi le casino Tower Rush fait sensation ! Cet avis sur Tower Rush r\u00e9v\u00e8le tous les secrets derri\u00e8re le jeu Tower Rush le plus addictif de 2025. Pr\u00e9parez-vous \u00e0 des sensations fortes avec des multiplicateurs qui peuvent faire exploser vos gains ! Aper\u00e7u de Tower Rush \u2014 Un concept de jeu unique Tower Rush par Galaxsys bouleverse le monde de [\u2026]<\/p>","protected":false},"author":3,"featured_media":1600,"parent":0,"menu_order":0,"comment_status":"closed","ping_status":"closed","template":"","meta":{"footnotes":""},"class_list":["post-1044","page","type-page","status-publish","has-post-thumbnail","hentry"],"blocksy_meta":[],"_hostinger_reach_plugin_has_subscription_block":false,"_hostinger_reach_plugin_is_elementor":false,"_links":{"self":[{"href":"https:\/\/pomme-pidou.com\/fr_be\/wp-json\/wp\/v2\/pages\/1044","targetHints":{"allow":["GET"]}}],"collection":[{"href":"https:\/\/pomme-pidou.com\/fr_be\/wp-json\/wp\/v2\/pages"}],"about":[{"href":"https:\/\/pomme-pidou.com\/fr_be\/wp-json\/wp\/v2\/types\/page"}],"author":[{"embeddable":true,"href":"https:\/\/pomme-pidou.com\/fr_be\/wp-json\/wp\/v2\/users\/3"}],"replies":[{"embeddable":true,"href":"https:\/\/pomme-pidou.com\/fr_be\/wp-json\/wp\/v2\/comments?post=1044"}],"version-history":[{"count":508,"href":"https:\/\/pomme-pidou.com\/fr_be\/wp-json\/wp\/v2\/pages\/1044\/revisions"}],"predecessor-version":[{"id":1637,"href":"https:\/\/pomme-pidou.com\/fr_be\/wp-json\/wp\/v2\/pages\/1044\/revisions\/1637"}],"wp:featuredmedia":[{"embeddable":true,"href":"https:\/\/pomme-pidou.com\/fr_be\/wp-json\/wp\/v2\/media\/1600"}],"wp:attachment":[{"href":"https:\/\/pomme-pidou.com\/fr_be\/wp-json\/wp\/v2\/media?parent=1044"}],"curies":[{"name":"3. wp","href":"https:\/\/api.w.org\/{rel}","templated":true}]}}