{"id":1044,"date":"2025-07-17T09:01:40","date_gmt":"2025-07-17T09:01:40","guid":{"rendered":"https:\/\/pomme-pidou.com\/?page_id=1044"},"modified":"2026-03-08T20:52:40","modified_gmt":"2026-03-08T20:52:40","slug":"1044-2","status":"publish","type":"page","link":"https:\/\/pomme-pidou.com\/es_ve\/","title":{"rendered":""},"content":{"rendered":"<div class=\"wp-block-group alignfull has-palette-color-2-background-color has-background is-layout-constrained wp-container-core-group-is-layout-30479cf7 wp-block-group-is-layout-constrained\" style=\"padding-top:1em;padding-right:1em;padding-bottom:0em;padding-left:1em\">\n<div class=\"wp-block-cover alignfull wp-container-content-9cfa9a5a\" style=\"margin-top:0;margin-bottom:0;padding-top:0;padding-right:var(--wp--preset--spacing--40);padding-bottom:0;padding-left:var(--wp--preset--spacing--40);min-height:305px;aspect-ratio:unset;\"><img loading=\"lazy\" decoding=\"async\" width=\"800\" height=\"344\" class=\"wp-block-cover__image-background wp-image-1597 size-full\" alt=\"\" src=\"https:\/\/pomme-pidou.com\/wp-content\/uploads\/2026\/02\/Tower-Rush-Game.webp\" style=\"object-position:50% 100%\" data-object-fit=\"cover\" data-object-position=\"50% 100%\" srcset=\"https:\/\/pomme-pidou.com\/wp-content\/uploads\/2026\/02\/Tower-Rush-Game.webp 800w, https:\/\/pomme-pidou.com\/wp-content\/uploads\/2026\/02\/Tower-Rush-Game-300x129.webp 300w, https:\/\/pomme-pidou.com\/wp-content\/uploads\/2026\/02\/Tower-Rush-Game-768x330.webp 768w, https:\/\/pomme-pidou.com\/wp-content\/uploads\/2026\/02\/Tower-Rush-Game-18x8.webp 18w\" sizes=\"auto, (max-width: 800px) 100vw, 800px\" \/><span aria-hidden=\"true\" class=\"wp-block-cover__background has-palette-color-4-background-color has-background-dim-70 has-background-dim\"><\/span><div class=\"wp-block-cover__inner-container is-layout-flow wp-block-cover-is-layout-flow\">\n<h1 class=\"wp-block-heading has-text-align-center has-palette-color-8-color has-text-color has-link-color wp-elements-ba9eb9b31b3db699566d17dc645b6440\" style=\"margin-top:0;margin-right:0;margin-bottom:var(--wp--preset--spacing--50);margin-left:0;font-size:clamp(18.959px, 1.185rem + ((1vw - 3.2px) * 0.863), 30px);\"><strong><strong><strong><strong><strong>Rese\u00f1as de jugadores de Tower Rush \u2013 El juego revolucionario<\/strong><\/strong><\/strong><\/strong><\/strong><\/h1>\n\n\n\n<div class=\"wp-block-buttons is-content-justification-center is-layout-flex wp-container-core-buttons-is-layout-a89b3969 wp-block-buttons-is-layout-flex\">\n<div class=\"wp-block-button is-style-fill\"><a class=\"wp-block-button__link has-black-color has-luminous-vivid-amber-background-color has-text-color has-background has-link-color has-medium-font-size has-custom-font-size wp-element-button\" href=\"https:\/\/pomme-pidou.com\/go\/play\/\" style=\"border-width:18px;border-top-left-radius:50px;border-top-right-radius:50px;border-bottom-left-radius:50px;border-bottom-right-radius:50px;padding-top:0;padding-right:var(--wp--preset--spacing--50);padding-bottom:0;padding-left:var(--wp--preset--spacing--50);font-style:normal;font-weight:700\">Disfrutar<br>BONO exclusivo<\/a><\/div>\n<\/div>\n<\/div><\/div>\n<\/div>\n\n\n\n<p class=\"has-text-align-center\">Descubre por qu\u00e9 <strong>Casino Tower Rush<\/strong> \u00a1est\u00e1 causando sensaci\u00f3n! Este <strong>Rese\u00f1a de Tower Rush<\/strong> revela todos los secretos detr\u00e1s del juego m\u00e1s adictivo <strong>de Tower Rush<\/strong> de 2025. Prep\u00e1rate para emociones de alto voltaje con multiplicadores que pueden <strong>disparar tus ganancias<\/strong>!<\/p>\n\n\n\n<h2 class=\"wp-block-heading has-text-align-center has-large-font-size\"><strong><strong><strong>Resumen de Tower Rush \u2014 Un concepto de juego \u00fanico<\/strong><\/strong><\/strong><\/h2>\n\n\n\n<p><strong>Torre Rush<\/strong> de <strong>Galaxsys<\/strong> est\u00e1 revolucionando el mundo del <strong>casino en l\u00ednea Tower Rush<\/strong> juega con un concepto realmente brillante. Imagina construir una torre gigante piso por piso, donde cada colocaci\u00f3n exitosa aumenta tu multiplicador de manera explosiva. Esto no es solo otro <strong>de Tower Rush<\/strong> \u2014 es pura adrenalina donde cada segundo cuenta.<\/p>\n\n\n\n<p>A diferencia de los juegos de crash cl\u00e1sicos donde te mantienes pasivo, <strong>Torre Rush<\/strong> te pone al control de una gr\u00faa oscilante en un encantador pueblito. \u00bfTu misi\u00f3n? Apilar pisos sin que tu imperio colapse. \u00a1La tensi\u00f3n es irreal \u2014 un desliz y todo se viene abajo!<\/p>\n\n\n\n<figure class=\"wp-block-table\"><table><tbody><tr><td><strong>CARACTER\u00cdSTICA<\/strong><\/td><td><strong>DETALLE EXPLOSIVO<\/strong><\/td><\/tr><tr><td>Desarrollador<\/td><td>Galaxsys (\u00a1Revolucionario!)<\/td><\/tr><tr><td>Tipo de juego<\/td><td>Juego de Crash\/Turbo Revolucionario<\/td><\/tr><tr><td>Ganancias potenciales<\/td><td>\u00a1ILIMITADAS! Hasta <strong>\u00a310,000<\/strong><\/td><\/tr><\/tbody><\/table><\/figure>\n\n\n\n<div class=\"wp-block-buttons is-content-justification-center is-layout-flex wp-container-core-buttons-is-layout-a89b3969 wp-block-buttons-is-layout-flex\">\n<div class=\"wp-block-button is-style-fill\"><a class=\"wp-block-button__link has-black-color has-luminous-vivid-amber-background-color has-text-color has-background has-link-color has-medium-font-size has-custom-font-size wp-element-button\" href=\"https:\/\/pomme-pidou.com\/go\/play\/\" style=\"border-width:18px;border-top-left-radius:50px;border-top-right-radius:50px;border-bottom-left-radius:50px;border-bottom-right-radius:50px;padding-top:var(--wp--preset--spacing--30);padding-right:var(--wp--preset--spacing--50);padding-bottom:var(--wp--preset--spacing--30);padding-left:var(--wp--preset--spacing--50)\"><strong>Juega Tower Rush<\/strong><\/a><\/div>\n<\/div>\n\n\n\n<h2 class=\"wp-block-heading has-text-align-center has-large-font-size\"><strong><strong><strong>Mec\u00e1nicas de juego de Tower Rush \u2014 C\u00f3mo jugar y ganar<\/strong><\/strong><\/strong><\/h2>\n\n\n\n<p>\u00a1Prep\u00e1rate para la experiencia m\u00e1s emocionante de tu vida como jugador! <strong>Torre Rush<\/strong> convierte la construcci\u00f3n de torres en una m\u00e1quina de adrenalina total. Cada piso que coloques con \u00e9xito <strong>multiplica<\/strong> tus ganancias de forma acumulativa \u2014 es pura magia matem\u00e1tica.<\/p>\n\n\n\n<figure class=\"wp-block-image aligncenter size-full is-resized has-custom-border\"><a href=\"https:\/\/launchdigi.net\/GamesLaunch\/Launch?deviceType=1&amp;displayType=1&amp;gameid=39386&amp;lang=EN&amp;mainDomain=https%3A%2F%2Fbetify.com%2Fen%2F&amp;operatorid=5F00B9D2&amp;playMode=demo\"><img loading=\"lazy\" decoding=\"async\" width=\"800\" height=\"418\" src=\"https:\/\/pomme-pidou.com\/wp-content\/uploads\/2026\/02\/Tower-Rush-explanation.webp\" alt=\"Mec\u00e1nicas de juego de Tower Rush\" class=\"wp-image-1596\" style=\"border-radius:15px;width:800px\" srcset=\"https:\/\/pomme-pidou.com\/wp-content\/uploads\/2026\/02\/Tower-Rush-explanation.webp 800w, https:\/\/pomme-pidou.com\/wp-content\/uploads\/2026\/02\/Tower-Rush-explanation-300x157.webp 300w, https:\/\/pomme-pidou.com\/wp-content\/uploads\/2026\/02\/Tower-Rush-explanation-768x401.webp 768w, https:\/\/pomme-pidou.com\/wp-content\/uploads\/2026\/02\/Tower-Rush-explanation-18x9.webp 18w\" sizes=\"auto, (max-width: 800px) 100vw, 800px\" \/><\/a><\/figure>\n\n\n\n<p>El principio es diab\u00f3licamente simple pero incre\u00edblemente adictivo: controlas una gr\u00faa que oscila sobre tu torre. \u00a1El momento perfecto = multiplicador explosivo! Mal momento = colapso total. Tu coraz\u00f3n latir\u00e1 con cada ca\u00edda.<\/p>\n\n\n\n<ul class=\"wp-block-list\">\n<li><strong>PASO 1:<\/strong> Coloca tu apuesta (<strong>$0.10 a $100<\/strong>) \u2014 \u00a1cada centavo puede llevar a grandes ganancias!<\/li>\n\n\n\n<li>&nbsp;<strong>PASO 2:<\/strong> Haz clic <strong>en \u201cCONSTRUIR\u201d<\/strong> en el momento perfecto \u2014 \u00a1la gr\u00faa oscila y debes cronometrarlo bien!<\/li>\n\n\n\n<li>&nbsp;<strong>PASO 3:<\/strong> Observa c\u00f3mo tu multiplicador <strong>explota<\/strong> \u2014 \u00a1cada piso aumenta tu pago!<\/li>\n\n\n\n<li>&nbsp;<strong>PASO 4:<\/strong> Decidir: <strong>Retirar<\/strong> o seguir construyendo para multiplicadores alt\u00edsimos!<\/li>\n\n\n\n<li>&nbsp;<strong>PASO 5:<\/strong> Un error = colapso total \u2014 \u00a1pero qu\u00e9 adrenalina!<\/li>\n<\/ul>\n\n\n\n<div class=\"wp-block-buttons is-content-justification-center is-layout-flex wp-container-core-buttons-is-layout-a89b3969 wp-block-buttons-is-layout-flex\">\n<div class=\"wp-block-button is-style-fill\"><a class=\"wp-block-button__link has-black-color has-luminous-vivid-amber-background-color has-text-color has-background has-link-color has-medium-font-size has-custom-font-size wp-element-button\" href=\"https:\/\/pomme-pidou.com\/go\/play\/\" style=\"border-width:18px;border-top-left-radius:50px;border-top-right-radius:50px;border-bottom-left-radius:50px;border-bottom-right-radius:50px;padding-top:var(--wp--preset--spacing--30);padding-right:var(--wp--preset--spacing--50);padding-bottom:var(--wp--preset--spacing--30);padding-left:var(--wp--preset--spacing--50)\"><strong>Usa el exclusivo BONO<\/strong><\/a><\/div>\n<\/div>\n\n\n\n<h2 class=\"wp-block-heading has-text-align-center has-large-font-size\"><strong><strong>Rese\u00f1as y experiencias de jugadores de Tower Rush \u2014 Testimonios reales<\/strong><\/strong><\/h2>\n\n\n\n<p><strong>Rese\u00f1as de jugadores de Tower Rush<\/strong> son un\u00e1nimes: es uno de los juegos m\u00e1s adictivos que los jugadores han visto. Los testimonios est\u00e1n llegando de todas partes, contando historias de ganancias espectaculares y emociones intensas. Aqu\u00ed est\u00e1 la raz\u00f3n por la que la gente no puede dejar de jugar <strong>Tower Rush<\/strong>.<\/p>\n\n\n\n<div class=\"wp-block-cover alignfull\" style=\"min-height:308px;aspect-ratio:unset;\"><span aria-hidden=\"true\" class=\"wp-block-cover__background has-palette-color-4-background-color has-background-dim-100 has-background-dim\"><\/span><div class=\"wp-block-cover__inner-container is-layout-constrained wp-block-cover-is-layout-constrained\">\n<div class=\"wp-block-columns is-layout-flex wp-container-core-columns-is-layout-28f84493 wp-block-columns-is-layout-flex\">\n<div class=\"wp-block-column is-layout-flow wp-block-column-is-layout-flow\">\n<figure class=\"wp-block-pullquote has-border-color has-palette-color-2-border-color has-palette-color-2-color has-palette-color-8-background-color has-text-color has-background has-link-color has-medium-font-size wp-elements-b4f32a9698219fce5a634d7fb0580071\" style=\"border-width:5px;border-radius:15px;padding-top:var(--wp--preset--spacing--30);padding-right:var(--wp--preset--spacing--30);padding-bottom:var(--wp--preset--spacing--30);padding-left:var(--wp--preset--spacing--30)\"><blockquote><p>\u201c\u00a1Nunca he visto un <strong>Casino Tower Rush<\/strong> juego tan adictivo! \u00a1Cada ronda es pura adrenalina!\u201d<\/p><cite><strong>Valentina G. (Caracas)<\/strong><\/cite><\/blockquote><\/figure>\n<\/div>\n\n\n\n<div class=\"wp-block-column is-layout-flow wp-block-column-is-layout-flow\">\n<figure class=\"wp-block-pullquote has-palette-color-2-color has-white-background-color has-text-color has-background has-link-color has-medium-font-size wp-elements-e56f45ef2eb32887be99318d58bfdb59\" style=\"border-width:5px;border-radius:15px;padding-top:var(--wp--preset--spacing--30);padding-right:var(--wp--preset--spacing--30);padding-bottom:var(--wp--preset--spacing--30);padding-left:var(--wp--preset--spacing--30)\"><blockquote><p>\u201cConstruyendo la Torre de Babel\u2026 al estilo casino. \u00a1Brillante! La <strong>demo de Tower Rush<\/strong> me convenci\u00f3 al instante!\u201d<\/p><cite><strong>Jos\u00e9 A. (Maracaibo)<\/strong><\/cite><\/blockquote><\/figure>\n<\/div>\n\n\n\n<div class=\"wp-block-column is-layout-flow wp-block-column-is-layout-flow\">\n<figure class=\"wp-block-pullquote has-border-color has-palette-color-1-border-color has-palette-color-2-color has-white-background-color has-text-color has-background has-link-color has-medium-font-size wp-elements-c4d272f95f123b53bc9d229576136df6\" style=\"border-width:5px;border-radius:15px;padding-top:var(--wp--preset--spacing--30);padding-right:var(--wp--preset--spacing--30);padding-bottom:var(--wp--preset--spacing--30);padding-left:var(--wp--preset--spacing--30)\"><blockquote><p>\u201c<strong>Tower Rush dinero real<\/strong> = \u00a1vibras de jackpot! \u00a1Multiplicadores locos! \u00a1He terminado con las tragamonedas cl\u00e1sicas!\u201d<\/p><cite><strong>Sof\u00eda R. (M\u00e9rida)<\/strong><\/cite><\/blockquote><\/figure>\n<\/div>\n<\/div>\n<\/div><\/div>\n\n\n\n<p>Estas <strong>de Tower Rush<\/strong> rese\u00f1as muestran el gran hype alrededor de este concepto revolucionario. Los jugadores informan sobre sesiones \u00e9picas donde la emoci\u00f3n nunca disminuye. <strong>Galaxsys Tower Rush<\/strong> ha creado algo verdaderamente diferente \u2014 m\u00e1s all\u00e1 del simple entretenimiento.<\/p>\n\n\n\n<div class=\"wp-block-buttons is-content-justification-center is-layout-flex wp-container-core-buttons-is-layout-a89b3969 wp-block-buttons-is-layout-flex\">\n<div class=\"wp-block-button is-style-fill\"><a class=\"wp-block-button__link has-black-color has-luminous-vivid-amber-background-color has-text-color has-background has-link-color has-medium-font-size has-custom-font-size wp-element-button\" href=\"https:\/\/pomme-pidou.com\/go\/play\/\" style=\"border-width:18px;border-top-left-radius:50px;border-top-right-radius:50px;border-bottom-left-radius:50px;border-bottom-right-radius:50px;padding-top:var(--wp--preset--spacing--30);padding-right:var(--wp--preset--spacing--50);padding-bottom:var(--wp--preset--spacing--30);padding-left:var(--wp--preset--spacing--50)\"><strong>Juega Tower Rush<\/strong><\/a><\/div>\n<\/div>\n\n\n\n<h2 class=\"wp-block-heading has-text-align-center has-large-font-size\"><strong><strong>Caracter\u00edsticas y bonificaciones de Tower Rush \u2014 Piso Congelado, Piso del Templo y Construcci\u00f3n Triple<\/strong><\/strong><\/h2>\n\n\n\n<p>Ag\u00e1rrate fuerte: <strong>Torre Rush<\/strong> oculta pisos de bonificaci\u00f3n revolucionarios que pueden <em>potenciar<\/em> la experiencia. Estos tres pisos de bonificaci\u00f3n aparecen al azar y convierten cada sesi\u00f3n en una aventura \u00e9pica \u2014 con mec\u00e1nicas que no ves en otros lugares.<\/p>\n\n\n\n<figure class=\"wp-block-image aligncenter size-full has-custom-border\"><a href=\"https:\/\/launchdigi.net\/GamesLaunch\/Launch?deviceType=1&amp;displayType=1&amp;gameid=39386&amp;lang=EN&amp;mainDomain=https%3A%2F%2Fbetify.com%2Fen%2F&amp;operatorid=5F00B9D2&amp;playMode=demo\"><img loading=\"lazy\" decoding=\"async\" width=\"800\" height=\"344\" src=\"https:\/\/pomme-pidou.com\/wp-content\/uploads\/2026\/02\/Tower-Rush-Game.webp\" alt=\"Bonificaci\u00f3n de Tower Rush\" class=\"wp-image-1597\" style=\"border-radius:15px\" srcset=\"https:\/\/pomme-pidou.com\/wp-content\/uploads\/2026\/02\/Tower-Rush-Game.webp 800w, https:\/\/pomme-pidou.com\/wp-content\/uploads\/2026\/02\/Tower-Rush-Game-300x129.webp 300w, https:\/\/pomme-pidou.com\/wp-content\/uploads\/2026\/02\/Tower-Rush-Game-768x330.webp 768w, https:\/\/pomme-pidou.com\/wp-content\/uploads\/2026\/02\/Tower-Rush-Game-18x8.webp 18w\" sizes=\"auto, (max-width: 800px) 100vw, 800px\" \/><\/a><\/figure>\n\n\n\n<p><strong>PISO CONGELADO (Piso Helado)<\/strong> \u2014 \u00a1la bonificaci\u00f3n del santo grial! \u201cCongela\u201d tus ganancias. Incluso si tu torre colapsa m\u00e1s tarde, mantienes las ganancias congeladas. Es como un seguro de vida para tus multiplicadores.<\/p>\n\n\n\n<p><strong>PISO DEL TEMPLO (Piso del Templo)<\/strong> \u2014 \u00a1un momento de rueda de la fortuna incorporado! 10 segmentos con multiplicadores salvajes: <strong>x1.5, x2, x3, x5, x7<\/strong>, e incluso un Bono de Congelaci\u00f3n. Puede activarse m\u00faltiples veces.<\/p>\n\n\n\n<p class=\"has-text-align-center\"><strong>CONSTRUCCI\u00d3N TRIPLE (Construcci\u00f3n Triple)<\/strong> \u2014 3 pisos a la vez, garantizado por encima de <strong>x1<\/strong>. No puedes colapsar durante estos 3 pisos. Es construcci\u00f3n turbo con riesgo reducido. Estas bonificaciones transforman completamente el <strong>Demostraci\u00f3n del juego Tower Rush<\/strong> experiencia. Imagina aterrizar en un Piso Congelado en <strong>x15<\/strong> \u2014 tus ganancias est\u00e1n aseguradas. O golpear un Piso del Templo que te lanza directamente a <strong>x50<\/strong>. Pura magia de juego.<\/p>\n\n\n\n<div class=\"wp-block-buttons is-content-justification-center is-layout-flex wp-container-core-buttons-is-layout-a89b3969 wp-block-buttons-is-layout-flex\">\n<div class=\"wp-block-button is-style-fill\"><a class=\"wp-block-button__link has-black-color has-luminous-vivid-amber-background-color has-text-color has-background has-link-color has-medium-font-size has-custom-font-size wp-element-button\" href=\"https:\/\/pomme-pidou.com\/go\/play\/\" style=\"border-width:18px;border-top-left-radius:50px;border-top-right-radius:50px;border-bottom-left-radius:50px;border-bottom-right-radius:50px;padding-top:var(--wp--preset--spacing--30);padding-right:var(--wp--preset--spacing--50);padding-bottom:var(--wp--preset--spacing--30);padding-left:var(--wp--preset--spacing--50)\">Descubre Tower Rush<\/a><\/div>\n<\/div>\n\n\n\n<h2 class=\"wp-block-heading has-text-align-center has-large-font-size\"><strong><strong>Gr\u00e1ficos, animaciones e interfaz de Tower Rush \u2013 Una experiencia visual cautivadora<\/strong><\/strong><\/h2>\n\n\n\n<div class=\"wp-block-columns is-layout-flex wp-container-core-columns-is-layout-28f84493 wp-block-columns-is-layout-flex\">\n<div class=\"wp-block-column is-vertically-aligned-center is-layout-flow wp-block-column-is-layout-flow\" style=\"flex-basis:66.66%\">\n<p>Prepara tus ojos para un impresionante espect\u00e1culo visual. <strong>Torre Rush<\/strong> no solo es revolucionario en la jugabilidad \u2014 tambi\u00e9n es un mundo de dibujos animados elegante dise\u00f1ado para maximizar la diversi\u00f3n.<\/p>\n\n\n\n<p>\u00bfEl escenario? Un encantador pueblito con una tienda de esp\u00edritus como base \u2014 adorable e inmersivo. Las animaciones son maravillosamente suaves: la gr\u00faa se balancea de manera hipn\u00f3tica, los pisos aterrizan con efectos contundentes, y los multiplicadores estallan con deslumbrantes destellos.<\/p>\n\n\n\n<figure class=\"wp-block-table\"><table class=\"has-fixed-layout\"><tbody><tr><td><strong>ELEMENTO VISUAL<\/strong><\/td><td><strong>IMPACTO SENSACIONAL<\/strong><\/td><\/tr><tr><td>Animaciones 2D<\/td><td>Suavidad perfecta \u2014 cada movimiento te atrapa<\/td><\/tr><tr><td>Interfaz m\u00f3vil<\/td><td>Optimizaci\u00f3n total \u2014 juega con una mano<\/td><\/tr><tr><td>Efectos de luz<\/td><td>Multiplicadores que brillan como diamantes<\/td><\/tr><\/tbody><\/table><\/figure>\n<\/div>\n\n\n\n<div class=\"wp-block-column is-layout-flow wp-block-column-is-layout-flow\" style=\"flex-basis:33.33%\">\n<figure class=\"wp-block-image size-full\"><a href=\"https:\/\/launchdigi.net\/GamesLaunch\/Launch?deviceType=1&amp;displayType=1&amp;gameid=39386&amp;lang=EN&amp;mainDomain=https%3A%2F%2Fbetify.com%2Fen%2F&amp;operatorid=5F00B9D2&amp;playMode=demo\"><img loading=\"lazy\" decoding=\"async\" width=\"400\" height=\"759\" src=\"https:\/\/pomme-pidou.com\/wp-content\/uploads\/2026\/02\/Tower-Rush-mobile.webp\" alt=\"Tower Rush m\u00f3vil\" class=\"wp-image-1601\" srcset=\"https:\/\/pomme-pidou.com\/wp-content\/uploads\/2026\/02\/Tower-Rush-mobile.webp 400w, https:\/\/pomme-pidou.com\/wp-content\/uploads\/2026\/02\/Tower-Rush-mobile-158x300.webp 158w, https:\/\/pomme-pidou.com\/wp-content\/uploads\/2026\/02\/Tower-Rush-mobile-6x12.webp 6w\" sizes=\"auto, (max-width: 400px) 100vw, 400px\" \/><\/a><\/figure>\n<\/div>\n<\/div>\n\n\n\n<div class=\"wp-block-buttons is-content-justification-center is-layout-flex wp-container-core-buttons-is-layout-a89b3969 wp-block-buttons-is-layout-flex\">\n<div class=\"wp-block-button is-style-fill\"><a class=\"wp-block-button__link has-black-color has-luminous-vivid-amber-background-color has-text-color has-background has-link-color has-medium-font-size has-custom-font-size wp-element-button\" href=\"https:\/\/pomme-pidou.com\/go\/play\/\" style=\"border-width:18px;border-top-left-radius:50px;border-top-right-radius:50px;border-bottom-left-radius:50px;border-bottom-right-radius:50px;padding-top:var(--wp--preset--spacing--30);padding-right:var(--wp--preset--spacing--50);padding-bottom:var(--wp--preset--spacing--30);padding-left:var(--wp--preset--spacing--50)\">Juega Tower Rush<\/a><\/div>\n<\/div>\n\n\n\n<h2 class=\"wp-block-heading has-text-align-center has-large-font-size\"><strong><strong><strong>RTP, volatilidad y estad\u00edsticas de Tower Rush \u2014 An\u00e1lisis de ganancias<\/strong><\/strong><\/strong><\/h2>\n\n\n\n<p>Aqu\u00ed est\u00e1n los n\u00fameros que podr\u00edan hacerte saltar de tu silla: <strong>Torre Rush<\/strong> muestra un RTP entre <strong>96.12% y 97%<\/strong> dependiendo de las fuentes \u2014 excelente para un juego tan intenso. Pero ten en cuenta: algunas <strong>Casino Tower Rush<\/strong> listas afirman hasta <strong>98.50%<\/strong>. Siempre verifica antes de jugar.<\/p>\n\n\n\n<p>La volatilidad var\u00eda de media a alta dependiendo de tu estilo. Cuanto m\u00e1s alto construyas, m\u00e1s astron\u00f3micas pueden ser las ganancias. El techo te\u00f3rico es \"ilimitado\", pero en la pr\u00e1ctica las ganancias m\u00e1ximas alcanzan <strong>\u00a310,000<\/strong> en una <strong>\u00a3100<\/strong> apuesta \u2014 un enorme <strong>x100<\/strong> multiplicador.<\/p>\n\n\n\n<h3 class=\"wp-block-heading has-medium-font-size\"><strong>Ventajas y legitimidad \u2014 Por qu\u00e9 Tower Rush se destaca<\/strong><\/h3>\n\n\n\n<p><strong>Torre Rush<\/strong> no es como otros juegos \u2014 es una revoluci\u00f3n del juego certificada. Desarrollado por <strong>Galaxsys<\/strong> bajo <strong>la Autoridad de Juego de Malta<\/strong> licencia, este <strong>casino online Tower Rush<\/strong> t\u00edtulo tambi\u00e9n ofrece transparencia en la equidad con <strong>Justamente Justo<\/strong> mec\u00e1nicas. Puedes verificar cada resultado t\u00fa mismo.<\/p>\n\n\n\n<ul class=\"wp-block-list\">\n<li>Un concepto verdaderamente \u00fanico \u2014 construcci\u00f3n interactiva vs colapso pasivo<\/li>\n\n\n\n<li><strong>Justamente Justo<\/strong> sistema \u2014 verifica cada ronda<\/li>\n\n\n\n<li>Multiplicadores te\u00f3ricamente ilimitados \u2014 el cielo es el l\u00edmite<\/li>\n\n\n\n<li>3 bonificaciones revolucionarias que lo cambian todo<\/li>\n\n\n\n<li>Funciona en todas partes \u2014 escritorio, m\u00f3vil, tableta<\/li>\n<\/ul>\n\n\n\n<h3 class=\"wp-block-heading has-medium-font-size\"><strong>Estrategias y consejos de Tower Rush \u2014 Maximiza tus oportunidades<\/strong><\/h3>\n\n\n\n<p>Aqu\u00ed est\u00e1n los secretos que los profesionales no quieren que sepas. Estas <strong>Torre Rush<\/strong> estrategias pueden transformar tus sesiones y aumentar tus resultados \u2014 es hora de convertirte en un experto en construcci\u00f3n de torres.<\/p>\n\n\n\n<p><strong>Estrategia conservadora:<\/strong> retira entre <strong>x1.5 y x2.5<\/strong> de manera consistente. Menos espectacular, pero protege tu bankroll y te ayuda a aprender <strong>demo de Tower Rush<\/strong> mec\u00e1nicas.<\/p>\n\n\n\n<p><strong>Estrategia agresiva:<\/strong> apunta a <strong>x10+<\/strong>. Acepta p\u00e9rdidas a cambio de grandes ganancias. Usa solo una peque\u00f1a parte de tu bankroll \u2014 pero cuando acierta, son fuegos artificiales.<strong>Estrategia de bonificaci\u00f3n:<\/strong> despu\u00e9s de un <strong>Suelo Congelado<\/strong>, ve ultra-agresivo. Tus ganancias est\u00e1n protegidas, as\u00ed que presiona m\u00e1s fuerte. Despu\u00e9s de un favorable <strong>Piso del Templo<\/strong>, retira r\u00e1pidamente para asegurar los multiplicadores de bonificaci\u00f3n.<\/p>\n\n\n\n<div class=\"wp-block-buttons is-content-justification-center is-layout-flex wp-container-core-buttons-is-layout-a89b3969 wp-block-buttons-is-layout-flex\">\n<div class=\"wp-block-button is-style-fill\"><a class=\"wp-block-button__link has-black-color has-luminous-vivid-amber-background-color has-text-color has-background has-link-color has-medium-font-size has-custom-font-size wp-element-button\" href=\"https:\/\/pomme-pidou.com\/go\/play\/\" style=\"border-width:18px;border-top-left-radius:50px;border-top-right-radius:50px;border-bottom-left-radius:50px;border-bottom-right-radius:50px;padding-top:var(--wp--preset--spacing--30);padding-right:var(--wp--preset--spacing--50);padding-bottom:var(--wp--preset--spacing--30);padding-left:var(--wp--preset--spacing--50)\">Prueba Tower Rush Ahora<\/a><\/div>\n<\/div>\n\n\n\n<h2 class=\"wp-block-heading has-text-align-center has-large-font-size\">Rese\u00f1as de jugadores de Tower Rush \u2014 VEREDICTO FINAL: Revolucionario<\/h2>\n\n\n\n<p class=\"has-text-align-center\"><strong>Tower Rush va m\u00e1s all\u00e1 de un simple juego de casino \u2014 se convierte en una experiencia de juego genuinamente nueva. Con tres bonificaciones que cambian el juego, enormes multiplicadores y un concepto interactivo de construcci\u00f3n de torres, este t\u00edtulo de Galaxsys merece su bombo. Prueba la demo de Tower Rush, luego salta al juego de casino de Tower Rush \u2014 puede que nunca mires los juegos \u201ccl\u00e1sicos\u201d de la misma manera.<\/strong><\/p>","protected":false},"excerpt":{"rendered":"<p>1. \u00a1Descubre por qu\u00e9 el casino Tower Rush est\u00e1 causando sensaci\u00f3n! Esta rese\u00f1a de Tower Rush revela todos los secretos detr\u00e1s del juego de Tower Rush m\u00e1s adictivo de 2025. \u00a1Prep\u00e1rate para emociones de infarto con multiplicadores que pueden disparar tus ganancias! Resumen de Tower Rush \u2014 Un concepto de juego \u00fanico Tower Rush de Galaxsys est\u00e1 revolucionando el mundo de [\u2026]<\/p>","protected":false},"author":3,"featured_media":1600,"parent":0,"menu_order":0,"comment_status":"closed","ping_status":"closed","template":"","meta":{"footnotes":""},"class_list":["post-1044","page","type-page","status-publish","has-post-thumbnail","hentry"],"blocksy_meta":[],"_hostinger_reach_plugin_has_subscription_block":false,"_hostinger_reach_plugin_is_elementor":false,"_links":{"self":[{"href":"https:\/\/pomme-pidou.com\/es_ve\/wp-json\/wp\/v2\/pages\/1044","targetHints":{"allow":["GET"]}}],"collection":[{"href":"https:\/\/pomme-pidou.com\/es_ve\/wp-json\/wp\/v2\/pages"}],"about":[{"href":"https:\/\/pomme-pidou.com\/es_ve\/wp-json\/wp\/v2\/types\/page"}],"author":[{"embeddable":true,"href":"https:\/\/pomme-pidou.com\/es_ve\/wp-json\/wp\/v2\/users\/3"}],"replies":[{"embeddable":true,"href":"https:\/\/pomme-pidou.com\/es_ve\/wp-json\/wp\/v2\/comments?post=1044"}],"version-history":[{"count":508,"href":"https:\/\/pomme-pidou.com\/es_ve\/wp-json\/wp\/v2\/pages\/1044\/revisions"}],"predecessor-version":[{"id":1637,"href":"https:\/\/pomme-pidou.com\/es_ve\/wp-json\/wp\/v2\/pages\/1044\/revisions\/1637"}],"wp:featuredmedia":[{"embeddable":true,"href":"https:\/\/pomme-pidou.com\/es_ve\/wp-json\/wp\/v2\/media\/1600"}],"wp:attachment":[{"href":"https:\/\/pomme-pidou.com\/es_ve\/wp-json\/wp\/v2\/media?parent=1044"}],"curies":[{"name":"2. wp","href":"https:\/\/api.w.org\/{rel}","templated":true}]}}